{"id":285,"date":"2022-02-21T17:19:59","date_gmt":"2022-02-21T16:19:59","guid":{"rendered":"https:\/\/bestveronaguides.it\/tous-les-guides\/"},"modified":"2023-01-21T21:44:57","modified_gmt":"2023-01-21T20:44:57","slug":"tous-les-guides","status":"publish","type":"page","link":"https:\/\/bestveronaguides.it\/fr\/tous-les-guides\/","title":{"rendered":"Tous les guides"},"content":{"rendered":"\t\t<div data-elementor-type=\"wp-page\" data-elementor-id=\"285\" class=\"elementor elementor-285 elementor-168\" data-elementor-post-type=\"page\">\n\t\t\t\t\t\t<section class=\"elementor-section elementor-top-section elementor-element elementor-element-b925ca0 elementor-section-full_width elementor-section-height-default elementor-section-height-default\" data-id=\"b925ca0\" data-element_type=\"section\">\n\t\t\t\t\t\t<div class=\"elementor-container elementor-column-gap-default\">\n\t\t\t\t\t<div class=\"elementor-column elementor-col-100 elementor-top-column elementor-element elementor-element-a8dc69b\" data-id=\"a8dc69b\" data-element_type=\"column\">\n\t\t\t<div class=\"elementor-widget-wrap elementor-element-populated\">\n\t\t\t\t\t\t<div class=\"elementor-element elementor-element-ea8e9af elementor-widget elementor-widget-image\" data-id=\"ea8e9af\" data-element_type=\"widget\" data-widget_type=\"image.default\">\n\t\t\t\t<div class=\"elementor-widget-container\">\n\t\t\t\t\t\t\t\t\t\t\t\t\t\t\t<img fetchpriority=\"high\" decoding=\"async\" width=\"1920\" height=\"933\" src=\"https:\/\/bestveronaguides.it\/media\/2-trova-guida-bvrg-modif.jpg\" class=\"attachment-full size-full wp-image-1818\" alt=\"\" srcset=\"https:\/\/bestveronaguides.it\/media\/2-trova-guida-bvrg-modif.jpg 1920w, https:\/\/bestveronaguides.it\/media\/2-trova-guida-bvrg-modif-500x243.jpg 500w, https:\/\/bestveronaguides.it\/media\/2-trova-guida-bvrg-modif-1024x498.jpg 1024w, https:\/\/bestveronaguides.it\/media\/2-trova-guida-bvrg-modif-768x373.jpg 768w, https:\/\/bestveronaguides.it\/media\/2-trova-guida-bvrg-modif-1536x746.jpg 1536w\" sizes=\"(max-width: 1920px) 100vw, 1920px\" \/>\t\t\t\t\t\t\t\t\t\t\t\t\t\t\t<\/div>\n\t\t\t\t<\/div>\n\t\t\t\t<div class=\"elementor-element elementor-element-69768f4 elementor-widget__width-auto elementor-absolute elementor-widget elementor-widget-heading\" data-id=\"69768f4\" data-element_type=\"widget\" data-settings=\"{&quot;_position&quot;:&quot;absolute&quot;}\" data-widget_type=\"heading.default\">\n\t\t\t\t<div class=\"elementor-widget-container\">\n\t\t\t\t\t<h2 class=\"elementor-heading-title elementor-size-default\">Recherchez le guide qui vous convient le mieux!<\/h2>\t\t\t\t<\/div>\n\t\t\t\t<\/div>\n\t\t\t\t\t<\/div>\n\t\t<\/div>\n\t\t\t\t\t<\/div>\n\t\t<\/section>\n\t\t\t\t<section class=\"elementor-section elementor-top-section elementor-element elementor-element-e26267d elementor-section-boxed elementor-section-height-default elementor-section-height-default\" data-id=\"e26267d\" data-element_type=\"section\">\n\t\t\t\t\t\t<div class=\"elementor-container elementor-column-gap-default\">\n\t\t\t\t\t<div class=\"elementor-column elementor-col-100 elementor-top-column elementor-element elementor-element-6bd7c44\" data-id=\"6bd7c44\" data-element_type=\"column\">\n\t\t\t<div class=\"elementor-widget-wrap elementor-element-populated\">\n\t\t\t\t\t\t<div class=\"elementor-element elementor-element-7517bfc elementor-widget elementor-widget-heading\" data-id=\"7517bfc\" data-element_type=\"widget\" data-widget_type=\"heading.default\">\n\t\t\t\t<div class=\"elementor-widget-container\">\n\t\t\t\t\t<h1 class=\"elementor-heading-title elementor-size-default\">Recherche<\/h1>\t\t\t\t<\/div>\n\t\t\t\t<\/div>\n\t\t\t\t<div class=\"elementor-element elementor-element-2b3dbca elementor-widget elementor-widget-text-editor\" data-id=\"2b3dbca\" data-element_type=\"widget\" data-widget_type=\"text-editor.default\">\n\t\t\t\t<div class=\"elementor-widget-container\">\n\t\t\t\t\t\t\t\t\t<p>S\u00e9lectionnez la langue et les domaines th\u00e9matiques qui vous int\u00e9ressent. Trouvez le guide avec les meilleures caract\u00e9ristiques pour vous!<\/p>\t\t\t\t\t\t\t\t<\/div>\n\t\t\t\t<\/div>\n\t\t\t\t\t<\/div>\n\t\t<\/div>\n\t\t\t\t\t<\/div>\n\t\t<\/section>\n\t\t\t\t<section class=\"elementor-section elementor-top-section elementor-element elementor-element-96e54c1 elementor-section-full_width elementor-section-height-default elementor-section-height-default\" data-id=\"96e54c1\" data-element_type=\"section\">\n\t\t\t\t\t\t<div class=\"elementor-container elementor-column-gap-default\">\n\t\t\t\t\t<div class=\"elementor-column elementor-col-100 elementor-top-column elementor-element elementor-element-fd8bbff\" data-id=\"fd8bbff\" data-element_type=\"column\">\n\t\t\t<div class=\"elementor-widget-wrap elementor-element-populated\">\n\t\t\t\t\t\t<div class=\"elementor-element elementor-element-e77baf2 elementor-widget elementor-widget-h3customs-search-authors\" data-id=\"e77baf2\" data-element_type=\"widget\" data-widget_type=\"h3customs-search-authors.default\">\n\t\t\t\t<div class=\"elementor-widget-container\">\n\t\t\t\t\t\t\t<div class=\"h3-search-guide\">\n\t\t\t<div class=\"h3-container\">\n\t\t\t\t<div>\n    \t\t\t\t<div class=\"h3-fields\">\n        \t\t\t\t<div class=\"h3-field language\">\n        \t\t\t\t\t<label for=\"h3-language\">Langue<\/label>\n        \t\t\t\t\t<select id=\"h3-language\">\n        \t\t\t\t\t\t<option value=\"0\">-- Pas de pr\u00e9f\u00e9rences --<\/option>\n        \t\t\t\t\t\t<option value=\"it\">Italiano<\/option>\n        \t\t\t\t\t\t<option value=\"en\">English<\/option>\n        \t\t\t\t\t\t<option value=\"fr\">Fran\u00e7ais<\/option>\n        \t\t\t\t\t\t<option value=\"de\">Deutsch<\/option>\n        \t\t\t\t\t\t<option value=\"es\">Espa\u00f1ol<\/option>\n        \t\t\t\t\t\t<option value=\"ru\">\u0440\u0443\u0441\u0441\u043a\u0438\u0439<\/option>\n        \t\t\t\t\t<\/select>\n        \t\t\t\t<\/div>\n        \t\t\t\t<div class=\"h3-field thematic\">\n        \t\t\t\t\t<label for=\"h3-thematic\">Th\u00e8me<\/label>\n        \t\t\t\t\t<select id=\"h3-thematic\">\n        \t\t\t\t\t\t<option value=\"0\">-- Pas de pr\u00e9f\u00e9rences --<\/option>\n        \t\t\t\t\t\t        \t\t\t\t\t\t<option value=\"1718\">V\u00e9rone pour la premi\u00e8re fois<\/option>\n        \t\t\t\t\t\t        \t\t\t\t\t\t<option value=\"1072\">V\u00e9rone au temps de Rome<\/option>\n        \t\t\t\t\t\t        \t\t\t\t\t\t<option value=\"1069\">L&#039;\u00e2ge d&#039;or de V\u00e9rone : la dynastie Scaligera<\/option>\n        \t\t\t\t\t\t        \t\t\t\t\t\t<option value=\"1071\">Sous l&#039;aile de San Marco : quatre si\u00e8cles de domination v\u00e9nitienne \u00e0 V\u00e9rone<\/option>\n        \t\t\t\t\t\t        \t\t\t\t\t\t<option value=\"1070\">V\u00e9rone entre Napol\u00e9on, l&#039;Autriche et le Risorgimento<\/option>\n        \t\t\t\t\t\t        \t\t\t\t\t\t<option value=\"2655\">Le XXe si\u00e8cle \u00e0 V\u00e9rone, entre grande histoire, \u00e9clectisme artistique et nouvelle urbanisation<\/option>\n        \t\t\t\t\t\t        \t\t\t\t\t\t<option value=\"1066\">Veronetta, la &quot;rive gauche&quot; de V\u00e9rone<\/option>\n        \t\t\t\t\t\t        \t\t\t\t\t\t<option value=\"1065\">Le quartier juif et la synagogue<\/option>\n        \t\t\t\t\t\t        \t\t\t\t\t\t<option value=\"1064\">Une ville de fresques<\/option>\n        \t\t\t\t\t\t        \t\t\t\t\t\t<option value=\"1063\">Le mythe de Rom\u00e9o et Juliette<\/option>\n        \t\t\t\t\t\t        \t\t\t\t\t\t<option value=\"1062\">Les remparts de V\u00e9rone<\/option>\n        \t\t\t\t\t\t        \t\t\t\t\t\t<option value=\"1061\">Dante Alighieri dans les ann\u00e9es v\u00e9ronaises<\/option>\n        \t\t\t\t\t\t        \t\t\t\t\t\t<option value=\"1060\">V\u00e9rone et le fleuve Adige<\/option>\n        \t\t\t\t\t\t        \t\t\t\t\t\t<option value=\"1059\">Excursions dans la Valpolicella et dans la r\u00e9gion de Soave<\/option>\n        \t\t\t\t\t\t        \t\t\t\t\t\t<option value=\"1058\">Visites pour les familles, les enfants et les personnes handicap\u00e9es<\/option>\n        \t\t\t\t\t\t        \t\t\t\t\t\t<option value=\"1057\">Histoire et tradition de l&#039;op\u00e9ra \u00e0 V\u00e9rone<\/option>\n        \t\t\t\t\t\t        \t\t\t\t\t\t<option value=\"1054\">Le Mus\u00e9e de la Casa Maffei<\/option>\n        \t\t\t\t\t\t        \t\t\t\t\t\t<option value=\"1052\">\u00c9glises et lieux de l&#039;\u00e9sprit<\/option>\n        \t\t\t\t\t\t        \t\t\t\t\t\t<option value=\"1051\">Fl\u00e2nez parmi les sp\u00e9cialit\u00e9s gastronomiques et les tavernes<\/option>\n        \t\t\t\t\t\t        \t\t\t\t\t\t<option value=\"1050\">La Riviera des Oliviers<\/option>\n        \t\t\t\t\t\t        \t\t\t\t\t<\/select>\n        \t\t\t\t<\/div>\n    \t\t\t\t<\/div>\n    \t\t\t\t<div class=\"h3-submit\">\n        \t\t\t\t<button id=\"h3-do-search\" class=\"btn\">Recherchez<\/button>\n        \t\t\t<\/div>\n    \t\t\t<\/div>\n\t\t\t<\/div>\n\t\t<\/div>\n\t\t<div class=\"h3-search-results\">\n\t\t\t<div class=\"h3-container\">\n\t\t\t\t<div id=\"h3-results\">\n\t\t\t\t<\/div>\n\t\t\t<\/div>\n\t\t<\/div>\n\t\t\t\t\t<\/div>\n\t\t\t\t<\/div>\n\t\t\t\t\t<\/div>\n\t\t<\/div>\n\t\t\t\t\t<\/div>\n\t\t<\/section>\n\t\t\t\t<\/div>\n\t\t","protected":false},"excerpt":{"rendered":"<p>Recherchez le guide qui vous convient le mieux! Recherche S\u00e9lectionnez la langue et les domaines th\u00e9matiques qui vous int\u00e9ressent. Trouvez le guide avec les meilleures caract\u00e9ristiques pour vous! Lingua parlata &#8212; Nessuna Preferenza &#8212;ItalianoEnglishFran\u00e7aisDeutschEspa\u00f1ol\u0440\u0443\u0441\u0441\u043a\u0438\u0439 Tematica &#8212; Nessuna Preferenza &#8212;V\u00e9rone pour la premi\u00e8re foisV\u00e9rone au temps de RomeL&#039;\u00e2ge d&#039;or de V\u00e9rone : la dynastie ScaligeraSous l&#039;aile [&hellip;]<\/p>\n","protected":false},"author":7,"featured_media":0,"parent":0,"menu_order":0,"comment_status":"closed","ping_status":"closed","template":"","meta":{"footnotes":""},"class_list":["post-285","page","type-page","status-publish","hentry"],"yoast_head":"<!-- This site is optimized with the Yoast SEO plugin v24.7 - https:\/\/yoast.com\/wordpress\/plugins\/seo\/ -->\n<title>Tous les guides - Best Verona Guides<\/title>\n<meta name=\"robots\" content=\"index, follow, max-snippet:-1, max-image-preview:large, max-video-preview:-1\" \/>\n<link rel=\"canonical\" href=\"https:\/\/bestveronaguides.it\/fr\/tous-les-guides\/\" \/>\n<meta property=\"og:locale\" content=\"fr_FR\" \/>\n<meta property=\"og:type\" content=\"article\" \/>\n<meta property=\"og:title\" content=\"Tous les guides - Best Verona Guides\" \/>\n<meta property=\"og:description\" content=\"Recherchez le guide qui vous convient le mieux! Recherche S\u00e9lectionnez la langue et les domaines th\u00e9matiques qui vous int\u00e9ressent. Trouvez le guide avec les meilleures caract\u00e9ristiques pour vous! Lingua parlata &#8212; Nessuna Preferenza &#8212;ItalianoEnglishFran\u00e7aisDeutschEspa\u00f1ol\u0440\u0443\u0441\u0441\u043a\u0438\u0439 Tematica &#8212; Nessuna Preferenza &#8212;V\u00e9rone pour la premi\u00e8re foisV\u00e9rone au temps de RomeL&#039;\u00e2ge d&#039;or de V\u00e9rone : la dynastie ScaligeraSous l&#039;aile [&hellip;]\" \/>\n<meta property=\"og:url\" content=\"https:\/\/bestveronaguides.it\/fr\/tous-les-guides\/\" \/>\n<meta property=\"og:site_name\" content=\"Best Verona Guides\" \/>\n<meta property=\"article:modified_time\" content=\"2023-01-21T20:44:57+00:00\" \/>\n<meta property=\"og:image\" content=\"https:\/\/bestveronaguides.it\/media\/2-trova-guida-bvrg-modif.jpg\" \/>\n<meta name=\"twitter:card\" content=\"summary_large_image\" \/>\n<meta name=\"twitter:label1\" content=\"Dur\u00e9e de lecture estim\u00e9e\" \/>\n\t<meta name=\"twitter:data1\" content=\"1 minute\" \/>\n<script type=\"application\/ld+json\" class=\"yoast-schema-graph\">{\"@context\":\"https:\/\/schema.org\",\"@graph\":[{\"@type\":\"WebPage\",\"@id\":\"https:\/\/bestveronaguides.it\/fr\/tous-les-guides\/\",\"url\":\"https:\/\/bestveronaguides.it\/fr\/tous-les-guides\/\",\"name\":\"Tous les guides - Best Verona Guides\",\"isPartOf\":{\"@id\":\"https:\/\/bestveronaguides.it\/fr\/#website\"},\"primaryImageOfPage\":{\"@id\":\"https:\/\/bestveronaguides.it\/fr\/tous-les-guides\/#primaryimage\"},\"image\":{\"@id\":\"https:\/\/bestveronaguides.it\/fr\/tous-les-guides\/#primaryimage\"},\"thumbnailUrl\":\"https:\/\/bestveronaguides.it\/media\/2-trova-guida-bvrg-modif.jpg\",\"datePublished\":\"2022-02-21T16:19:59+00:00\",\"dateModified\":\"2023-01-21T20:44:57+00:00\",\"breadcrumb\":{\"@id\":\"https:\/\/bestveronaguides.it\/fr\/tous-les-guides\/#breadcrumb\"},\"inLanguage\":\"fr-FR\",\"potentialAction\":[{\"@type\":\"ReadAction\",\"target\":[\"https:\/\/bestveronaguides.it\/fr\/tous-les-guides\/\"]}]},{\"@type\":\"ImageObject\",\"inLanguage\":\"fr-FR\",\"@id\":\"https:\/\/bestveronaguides.it\/fr\/tous-les-guides\/#primaryimage\",\"url\":\"https:\/\/bestveronaguides.it\/media\/2-trova-guida-bvrg-modif.jpg\",\"contentUrl\":\"https:\/\/bestveronaguides.it\/media\/2-trova-guida-bvrg-modif.jpg\"},{\"@type\":\"BreadcrumbList\",\"@id\":\"https:\/\/bestveronaguides.it\/fr\/tous-les-guides\/#breadcrumb\",\"itemListElement\":[{\"@type\":\"ListItem\",\"position\":1,\"name\":\"Home\",\"item\":\"https:\/\/bestveronaguides.it\/fr\/home\/\"},{\"@type\":\"ListItem\",\"position\":2,\"name\":\"Tous les guides\"}]},{\"@type\":\"WebSite\",\"@id\":\"https:\/\/bestveronaguides.it\/fr\/#website\",\"url\":\"https:\/\/bestveronaguides.it\/fr\/\",\"name\":\"Best Verona Guides\",\"description\":\"La tua guida in un attimo\",\"publisher\":{\"@id\":\"https:\/\/bestveronaguides.it\/fr\/#organization\"},\"potentialAction\":[{\"@type\":\"SearchAction\",\"target\":{\"@type\":\"EntryPoint\",\"urlTemplate\":\"https:\/\/bestveronaguides.it\/fr\/?s={search_term_string}\"},\"query-input\":{\"@type\":\"PropertyValueSpecification\",\"valueRequired\":true,\"valueName\":\"search_term_string\"}}],\"inLanguage\":\"fr-FR\"},{\"@type\":\"Organization\",\"@id\":\"https:\/\/bestveronaguides.it\/fr\/#organization\",\"name\":\"Associazione Assoguide Verona\",\"url\":\"https:\/\/bestveronaguides.it\/fr\/\",\"logo\":{\"@type\":\"ImageObject\",\"inLanguage\":\"fr-FR\",\"@id\":\"https:\/\/bestveronaguides.it\/fr\/#\/schema\/logo\/image\/\",\"url\":\"https:\/\/bestveronaguides.it\/media\/logo.png\",\"contentUrl\":\"https:\/\/bestveronaguides.it\/media\/logo.png\",\"width\":444,\"height\":237,\"caption\":\"Associazione Assoguide Verona\"},\"image\":{\"@id\":\"https:\/\/bestveronaguides.it\/fr\/#\/schema\/logo\/image\/\"}}]}<\/script>\n<!-- \/ Yoast SEO plugin. -->","yoast_head_json":{"title":"Tous les guides - Best Verona Guides","robots":{"index":"index","follow":"follow","max-snippet":"max-snippet:-1","max-image-preview":"max-image-preview:large","max-video-preview":"max-video-preview:-1"},"canonical":"https:\/\/bestveronaguides.it\/fr\/tous-les-guides\/","og_locale":"fr_FR","og_type":"article","og_title":"Tous les guides - Best Verona Guides","og_description":"Recherchez le guide qui vous convient le mieux! Recherche S\u00e9lectionnez la langue et les domaines th\u00e9matiques qui vous int\u00e9ressent. Trouvez le guide avec les meilleures caract\u00e9ristiques pour vous! Lingua parlata &#8212; Nessuna Preferenza &#8212;ItalianoEnglishFran\u00e7aisDeutschEspa\u00f1ol\u0440\u0443\u0441\u0441\u043a\u0438\u0439 Tematica &#8212; Nessuna Preferenza &#8212;V\u00e9rone pour la premi\u00e8re foisV\u00e9rone au temps de RomeL&#039;\u00e2ge d&#039;or de V\u00e9rone : la dynastie ScaligeraSous l&#039;aile [&hellip;]","og_url":"https:\/\/bestveronaguides.it\/fr\/tous-les-guides\/","og_site_name":"Best Verona Guides","article_modified_time":"2023-01-21T20:44:57+00:00","og_image":[{"url":"https:\/\/bestveronaguides.it\/media\/2-trova-guida-bvrg-modif.jpg","type":"","width":"","height":""}],"twitter_card":"summary_large_image","twitter_misc":{"Dur\u00e9e de lecture estim\u00e9e":"1 minute"},"schema":{"@context":"https:\/\/schema.org","@graph":[{"@type":"WebPage","@id":"https:\/\/bestveronaguides.it\/fr\/tous-les-guides\/","url":"https:\/\/bestveronaguides.it\/fr\/tous-les-guides\/","name":"Tous les guides - Best Verona Guides","isPartOf":{"@id":"https:\/\/bestveronaguides.it\/fr\/#website"},"primaryImageOfPage":{"@id":"https:\/\/bestveronaguides.it\/fr\/tous-les-guides\/#primaryimage"},"image":{"@id":"https:\/\/bestveronaguides.it\/fr\/tous-les-guides\/#primaryimage"},"thumbnailUrl":"https:\/\/bestveronaguides.it\/media\/2-trova-guida-bvrg-modif.jpg","datePublished":"2022-02-21T16:19:59+00:00","dateModified":"2023-01-21T20:44:57+00:00","breadcrumb":{"@id":"https:\/\/bestveronaguides.it\/fr\/tous-les-guides\/#breadcrumb"},"inLanguage":"fr-FR","potentialAction":[{"@type":"ReadAction","target":["https:\/\/bestveronaguides.it\/fr\/tous-les-guides\/"]}]},{"@type":"ImageObject","inLanguage":"fr-FR","@id":"https:\/\/bestveronaguides.it\/fr\/tous-les-guides\/#primaryimage","url":"https:\/\/bestveronaguides.it\/media\/2-trova-guida-bvrg-modif.jpg","contentUrl":"https:\/\/bestveronaguides.it\/media\/2-trova-guida-bvrg-modif.jpg"},{"@type":"BreadcrumbList","@id":"https:\/\/bestveronaguides.it\/fr\/tous-les-guides\/#breadcrumb","itemListElement":[{"@type":"ListItem","position":1,"name":"Home","item":"https:\/\/bestveronaguides.it\/fr\/home\/"},{"@type":"ListItem","position":2,"name":"Tous les guides"}]},{"@type":"WebSite","@id":"https:\/\/bestveronaguides.it\/fr\/#website","url":"https:\/\/bestveronaguides.it\/fr\/","name":"Best Verona Guides","description":"La tua guida in un attimo","publisher":{"@id":"https:\/\/bestveronaguides.it\/fr\/#organization"},"potentialAction":[{"@type":"SearchAction","target":{"@type":"EntryPoint","urlTemplate":"https:\/\/bestveronaguides.it\/fr\/?s={search_term_string}"},"query-input":{"@type":"PropertyValueSpecification","valueRequired":true,"valueName":"search_term_string"}}],"inLanguage":"fr-FR"},{"@type":"Organization","@id":"https:\/\/bestveronaguides.it\/fr\/#organization","name":"Associazione Assoguide Verona","url":"https:\/\/bestveronaguides.it\/fr\/","logo":{"@type":"ImageObject","inLanguage":"fr-FR","@id":"https:\/\/bestveronaguides.it\/fr\/#\/schema\/logo\/image\/","url":"https:\/\/bestveronaguides.it\/media\/logo.png","contentUrl":"https:\/\/bestveronaguides.it\/media\/logo.png","width":444,"height":237,"caption":"Associazione Assoguide Verona"},"image":{"@id":"https:\/\/bestveronaguides.it\/fr\/#\/schema\/logo\/image\/"}}]}},"_links":{"self":[{"href":"https:\/\/bestveronaguides.it\/fr\/wp-json\/wp\/v2\/pages\/285","targetHints":{"allow":["GET"]}}],"collection":[{"href":"https:\/\/bestveronaguides.it\/fr\/wp-json\/wp\/v2\/pages"}],"about":[{"href":"https:\/\/bestveronaguides.it\/fr\/wp-json\/wp\/v2\/types\/page"}],"author":[{"embeddable":true,"href":"https:\/\/bestveronaguides.it\/fr\/wp-json\/wp\/v2\/users\/7"}],"replies":[{"embeddable":true,"href":"https:\/\/bestveronaguides.it\/fr\/wp-json\/wp\/v2\/comments?post=285"}],"version-history":[{"count":0,"href":"https:\/\/bestveronaguides.it\/fr\/wp-json\/wp\/v2\/pages\/285\/revisions"}],"wp:attachment":[{"href":"https:\/\/bestveronaguides.it\/fr\/wp-json\/wp\/v2\/media?parent=285"}],"curies":[{"name":"wp","href":"https:\/\/api.w.org\/{rel}","templated":true}]}}