{"id":283,"date":"2022-02-21T17:16:31","date_gmt":"2022-02-21T16:16:31","guid":{"rendered":"https:\/\/bestveronaguides.it\/qui-sommes-nous\/"},"modified":"2023-01-21T21:25:54","modified_gmt":"2023-01-21T20:25:54","slug":"qui-sommes-nous","status":"publish","type":"page","link":"https:\/\/bestveronaguides.it\/fr\/qui-sommes-nous\/","title":{"rendered":"Qui nous sommes"},"content":{"rendered":"\t\t<div data-elementor-type=\"wp-page\" data-elementor-id=\"283\" class=\"elementor elementor-283 elementor-150\" data-elementor-post-type=\"page\">\n\t\t\t\t\t\t<section class=\"elementor-section elementor-top-section elementor-element elementor-element-99d8d5f elementor-section-full_width elementor-section-height-default elementor-section-height-default\" data-id=\"99d8d5f\" data-element_type=\"section\">\n\t\t\t\t\t\t<div class=\"elementor-container elementor-column-gap-default\">\n\t\t\t\t\t<div class=\"elementor-column elementor-col-100 elementor-top-column elementor-element elementor-element-bc071de\" data-id=\"bc071de\" data-element_type=\"column\">\n\t\t\t<div class=\"elementor-widget-wrap elementor-element-populated\">\n\t\t\t\t\t\t<div class=\"elementor-element elementor-element-1eb1b3d elementor-widget elementor-widget-image\" data-id=\"1eb1b3d\" data-element_type=\"widget\" data-widget_type=\"image.default\">\n\t\t\t\t<div class=\"elementor-widget-container\">\n\t\t\t\t\t\t\t\t\t\t\t\t\t\t\t<img fetchpriority=\"high\" decoding=\"async\" width=\"1920\" height=\"933\" src=\"https:\/\/bestveronaguides.it\/media\/chi-siamo-best-verona-guides.jpg\" class=\"attachment-full size-full wp-image-1801\" alt=\"\" srcset=\"https:\/\/bestveronaguides.it\/media\/chi-siamo-best-verona-guides.jpg 1920w, https:\/\/bestveronaguides.it\/media\/chi-siamo-best-verona-guides-500x243.jpg 500w, https:\/\/bestveronaguides.it\/media\/chi-siamo-best-verona-guides-1024x498.jpg 1024w, https:\/\/bestveronaguides.it\/media\/chi-siamo-best-verona-guides-768x373.jpg 768w, https:\/\/bestveronaguides.it\/media\/chi-siamo-best-verona-guides-1536x746.jpg 1536w\" sizes=\"(max-width: 1920px) 100vw, 1920px\" \/>\t\t\t\t\t\t\t\t\t\t\t\t\t\t\t<\/div>\n\t\t\t\t<\/div>\n\t\t\t\t<div class=\"elementor-element elementor-element-3461d53 elementor-widget__width-auto elementor-absolute elementor-widget elementor-widget-heading\" data-id=\"3461d53\" data-element_type=\"widget\" data-settings=\"{&quot;_position&quot;:&quot;absolute&quot;}\" data-widget_type=\"heading.default\">\n\t\t\t\t<div class=\"elementor-widget-container\">\n\t\t\t\t\t<h2 class=\"elementor-heading-title elementor-size-default\">Les meilleurs professionnels pour visiter V\u00e9rone<\/h2>\t\t\t\t<\/div>\n\t\t\t\t<\/div>\n\t\t\t\t\t<\/div>\n\t\t<\/div>\n\t\t\t\t\t<\/div>\n\t\t<\/section>\n\t\t\t\t<section class=\"elementor-section elementor-top-section elementor-element elementor-element-b2956dd elementor-section-boxed elementor-section-height-default elementor-section-height-default\" data-id=\"b2956dd\" data-element_type=\"section\">\n\t\t\t\t\t\t<div class=\"elementor-container elementor-column-gap-default\">\n\t\t\t\t\t<div class=\"elementor-column elementor-col-100 elementor-top-column elementor-element elementor-element-3bddf62\" data-id=\"3bddf62\" data-element_type=\"column\">\n\t\t\t<div class=\"elementor-widget-wrap elementor-element-populated\">\n\t\t\t\t\t\t<div class=\"elementor-element elementor-element-972ab62 elementor-widget elementor-widget-heading\" data-id=\"972ab62\" data-element_type=\"widget\" data-widget_type=\"heading.default\">\n\t\t\t\t<div class=\"elementor-widget-container\">\n\t\t\t\t\t<h1 class=\"elementor-heading-title elementor-size-default\">Nous nous presentons<\/h1>\t\t\t\t<\/div>\n\t\t\t\t<\/div>\n\t\t\t\t<div class=\"elementor-element elementor-element-2db2a02 elementor-widget elementor-widget-text-editor\" data-id=\"2db2a02\" data-element_type=\"widget\" data-widget_type=\"text-editor.default\">\n\t\t\t\t<div class=\"elementor-widget-container\">\n\t\t\t\t\t\t\t\t\t<p lang=\"zxx\" align=\"JUSTIFY\"><span style=\"font-family: georgia, palatino, serif;\"><span style=\"font-size: medium;\">Best Verona Guides est une marque d\u00e9pos\u00e9e n\u00e9e de la volont\u00e9 de regrouper des guides touristiques locaux, ind\u00e9pendants, qualifi\u00e9s et hautement professionnels \u00e0 V\u00e9rone.<\/span><\/span><\/p>\n<p lang=\"zxx\" align=\"JUSTIFY\">\n<p lang=\"zxx\" align=\"JUSTIFY\"><span style=\"font-family: georgia, palatino, serif;\"><span style=\"font-size: medium;\">Les guides appartenant au circuit sont constamment form\u00e9s et mis \u00e0 jour pour offrir un contenu hautement qualitatif \u00e0 ceux qui choisissent de visiter V\u00e9rone et sa province.<\/span><\/span><\/p>\n<p lang=\"zxx\" align=\"JUSTIFY\">\n<p lang=\"zxx\" align=\"JUSTIFY\"><span style=\"font-family: georgia, palatino, serif;\"><span style=\"font-size: medium;\">Depuis sa fondation, le groupe a choisi d&rsquo;ajouter des caract\u00e9ristiques sp\u00e9cifiques \u00e0 la comp\u00e9tence, qui peuvent rendre l&rsquo;exp\u00e9rience de visite compl\u00e8te, unique et m\u00e9morable.<\/span><\/span><\/p>\n<p lang=\"zxx\" align=\"JUSTIFY\">\n<p lang=\"zxx\" align=\"JUSTIFY\"><span style=\"font-family: georgia, palatino, serif;\"><span style=\"font-size: medium;\">La premi\u00e8re caract\u00e9ristique est la localit\u00e9, car les guides touristiques de V\u00e9rone appartiennent \u00e0 la ville ou y vivent depuis longtemps.<\/span><\/span><\/p>\n<p lang=\"zxx\" align=\"JUSTIFY\">\n<p lang=\"zxx\" align=\"JUSTIFY\"><span style=\"font-family: georgia, palatino, serif;\"><span style=\"font-size: medium;\">Cette caract\u00e9ristique nous permet d&rsquo;offrir un point de vue interne et une connaissance compl\u00e8te du tissu urbain et extra-urbain, ce qui contribue \u00e0 rendre chaque visite pr\u00e9cise et r\u00e9ussie, d\u00e9j\u00e0 \u00e0 partir de la logistique des d\u00e9placements.<\/span><\/span><\/p>\n<p lang=\"zxx\" align=\"JUSTIFY\">\n<p lang=\"zxx\" align=\"JUSTIFY\"><span style=\"font-family: georgia, palatino, serif;\"><span style=\"font-size: medium;\">Une autre caract\u00e9ristique pr\u00e9cieuse pour rendre l&rsquo;exp\u00e9rience de visiter V\u00e9rone vraiment sp\u00e9ciale, est que les guides touristiques Best Verona Guides sont en fait des personnes qui ont beaucoup voyag\u00e9 et qui aiment conna\u00eetre et traiter avec les cultures internationales.<\/span><\/span><\/p>\n<p lang=\"zxx\" align=\"JUSTIFY\">\n<p lang=\"zxx\" align=\"JUSTIFY\"><a name=\"tw-target-text7\"><\/a><span style=\"font-family: georgia, palatino, serif;\"><span style=\"font-size: medium;\">Cet aspect permet aux guides de s&rsquo;identifier \u00e0 ceux qui demandent leur service, de comprendre ce qu&rsquo;ils veulent vraiment savoir et ce qu&rsquo;ils attendent d&rsquo;une visite guid\u00e9e.<\/span><\/span><\/p>\n<p lang=\"zxx\" align=\"JUSTIFY\">\n<p lang=\"zxx\" align=\"JUSTIFY\"><span style=\"font-family: georgia, palatino, serif;\"><span style=\"font-size: medium;\">Reconnaissant ces aspects, les guides sont pr\u00eats \u00e0 r\u00e9pondre g\u00e9n\u00e9reusement, fa\u00e7onnant chaque visite guid\u00e9e et la rendant unique et personnalis\u00e9e.<\/span><\/span><\/p>\n<p lang=\"zxx\" align=\"JUSTIFY\">\n<p lang=\"zxx\" align=\"JUSTIFY\"><span style=\"font-family: georgia, palatino, serif;\"><span style=\"font-size: medium;\">Le projet est donc d\u00e9di\u00e9 aux voyageurs qui souhaitent d\u00e9couvrir V\u00e9rone de mani\u00e8re approfondie, vivre une exp\u00e9rience de haut niveau leur permettant de comprendre la v\u00e9ritable essence de ce qu&rsquo;ils vont visiter, quelle que soit la destination choisie dans la ville et la province.<\/span><\/span><\/p>\n<p lang=\"zxx\" align=\"JUSTIFY\">\n<p lang=\"zxx\" align=\"JUSTIFY\"><span style=\"font-family: georgia, palatino, serif;\"><span style=\"font-size: medium;\">Tout cela est compl\u00e9t\u00e9 par l&rsquo;ind\u00e9pendance, une caract\u00e9ristique qui a toujours \u00e9t\u00e9 recherch\u00e9e par Best Verona Guides, qui est totalement ind\u00e9pendante des accords avec des organisations ou des activit\u00e9s commerciales et qui nous permet d&rsquo;offrir des visites guid\u00e9es \u00e0 V\u00e9rone qui ne sont jamais d\u00e9tourn\u00e9es vers certains endroits pour des raisons \u00e9conomiques.<\/span><\/span><\/p>\n<p lang=\"zxx\" align=\"JUSTIFY\">\n<p lang=\"zxx\" align=\"JUSTIFY\"><span style=\"font-family: georgia, palatino, serif;\"><span style=\"font-size: medium;\">Il est \u00e9galement important de consid\u00e9rer que chaque guide touristique de V\u00e9rone est agr\u00e9\u00e9, c&rsquo;est-\u00e0-dire qu&rsquo;il a obtenu la qualification des organismes comp\u00e9tents se concentrant sur la ville et sa province.<\/span><\/span><\/p>\n<p lang=\"zxx\" align=\"JUSTIFY\">\n<p lang=\"zxx\" align=\"JUSTIFY\"><span style=\"font-family: georgia, palatino, serif;\"><span style=\"font-size: medium;\">C&rsquo;est aussi un trait distinctif qui diff\u00e9rencie les professionnels de Best Verona Guides des entreprises arrivant de l&rsquo;\u00e9tranger ou d&rsquo;autres r\u00e9gions d&rsquo;Italie.<\/span><\/span><\/p>\n<p lang=\"zxx\" align=\"JUSTIFY\">\n<p lang=\"zxx\" align=\"JUSTIFY\"><span style=\"font-family: georgia, palatino, serif;\"><span style=\"font-size: medium;\">Les \u00e9tudes r\u00e9alis\u00e9es, les examens de qualification et de formation continue sont en effet concentr\u00e9s sur le territoire et ont permis aux guides de Best Verona Guides de d\u00e9velopper une connaissance approfondie, pr\u00eate \u00e0 \u00eatre g\u00e9n\u00e9reusement distill\u00e9e \u00e0 chaque vue de la ville.<\/span><\/span><\/p>\n<p lang=\"zxx\" align=\"JUSTIFY\">\n<p lang=\"zxx\" align=\"JUSTIFY\"><span style=\"font-family: georgia, palatino, serif;\"><span style=\"font-size: medium;\">Enfin, le groupe a choisi d\u00e8s le d\u00e9but de maintenir une vision de r\u00e9seau avec les Best Guides d&rsquo;autres villes &#8211; comme Best Venice Guides &#8211; et une id\u00e9e d&rsquo;une marque fiable et r\u00e9put\u00e9e, \u00e0 nourrir et \u00e0 soutenir avec engagement et professionnalisme, au fil du temps.<\/span><\/span><\/p>\n\t\t\t\t\t\t\t\t<\/div>\n\t\t\t\t<\/div>\n\t\t\t\t<div class=\"elementor-element elementor-element-8fc7e09 elementor-widget elementor-widget-heading\" data-id=\"8fc7e09\" data-element_type=\"widget\" data-widget_type=\"heading.default\">\n\t\t\t\t<div class=\"elementor-widget-container\">\n\t\t\t\t\t<h2 class=\"elementor-heading-title elementor-size-default\">Vision<\/h2>\t\t\t\t<\/div>\n\t\t\t\t<\/div>\n\t\t\t\t<div class=\"elementor-element elementor-element-c9af96e elementor-widget elementor-widget-text-editor\" data-id=\"c9af96e\" data-element_type=\"widget\" data-widget_type=\"text-editor.default\">\n\t\t\t\t<div class=\"elementor-widget-container\">\n\t\t\t\t\t\t\t\t\t<p lang=\"zxx\" align=\"JUSTIFY\"><span style=\"font-family: georgia, palatino, serif;\"><span style=\"font-size: medium;\">La vision de Best Verona Guides combine les comp\u00e9tences professionnelles avec le d\u00e9sir d&rsquo;offrir une exp\u00e9rience unique \u00e0 ceux qui choisissent de visiter V\u00e9rone et ses merveilles.<\/span><\/span><\/p>\n<p lang=\"zxx\" align=\"JUSTIFY\">\n<p lang=\"zxx\" align=\"JUSTIFY\"><span style=\"font-family: georgia, palatino, serif;\"><span style=\"font-size: medium;\">En fait, chaque guide touristique a ses propres passions, particularit\u00e9s et th\u00e8mes du c\u0153ur, c&rsquo;est-\u00e0-dire des aspects historiques, artistiques et culturels particuli\u00e8rement aim\u00e9s et approfondis.<\/span><\/span><\/p>\n<p lang=\"zxx\" align=\"JUSTIFY\">\n<p lang=\"zxx\" align=\"JUSTIFY\"><span style=\"font-family: georgia, palatino, serif;\"><span style=\"font-size: medium;\">Parfois, les faire \u00e9merger peut \u00eatre difficile, surtout dans une r\u00e9alit\u00e9 souvent standardis\u00e9e comme celle qui caract\u00e9rise le monde du tourisme dans les villes italiennes et internationales.<\/span><\/span><\/p>\n<p lang=\"zxx\" align=\"JUSTIFY\">\n<p lang=\"zxx\" align=\"JUSTIFY\"><span style=\"font-family: georgia, palatino, serif;\"><span style=\"font-size: medium;\">Le projet Best Verona Guides est donc n\u00e9 avec l&rsquo;id\u00e9e de mettre en lumi\u00e8re le potentiel de chaque professionnel et de le mettre au service de ceux qui souhaitent visiter V\u00e9rone et sa province d&rsquo;un point de vue privil\u00e9gi\u00e9.<\/span><\/span><\/p>\n<p lang=\"zxx\" align=\"JUSTIFY\">\n<p lang=\"zxx\" align=\"JUSTIFY\"><span style=\"font-family: georgia, palatino, serif;\"><span style=\"font-size: medium;\">Un point de vue o\u00f9 le guide n&rsquo;est pas seulement la personne charg\u00e9e d&rsquo;expliquer les monuments ou de raconter l&rsquo;histoire de la ville, mais qui va bien plus loin, car le guide est avant tout un voyageur qui conna\u00eet les attentes de ceux qui visitent une ville d&rsquo;art.<\/span><\/span><\/p>\n<p lang=\"zxx\" align=\"JUSTIFY\">\n<p lang=\"zxx\" align=\"JUSTIFY\"><span style=\"font-family: georgia, palatino, serif;\"><span style=\"font-size: medium;\">L&rsquo;ingr\u00e9dient qui distingue les guides touristiques Best Verona Guides \u00e0 V\u00e9rone depuis sa naissance est en fait l&#8217;empathie, que les professionnels individuels s&rsquo;engagent \u00e0 mettre dans chaque visite.<\/span><\/span><\/p>\n<p lang=\"zxx\" align=\"JUSTIFY\">\n<p lang=\"zxx\" align=\"JUSTIFY\"><span style=\"font-family: georgia, palatino, serif;\"><span style=\"font-size: medium;\">L&#8217;empathie nous permet de comprendre les envies, les styles, les besoins des visiteurs et d&rsquo;y r\u00e9pondre par un service calqu\u00e9 sur eux et donc complet, ponctuel et satisfaisant.<\/span><\/span><\/p>\n<p lang=\"zxx\" align=\"JUSTIFY\">\n<p lang=\"zxx\" align=\"JUSTIFY\"><span style=\"font-family: georgia, palatino, serif;\"><span style=\"font-size: medium;\">Cela peut difficilement arriver avec des solutions standards, o\u00f9 les guides risquent de ne pas exprimer tout leur potentiel et sont sous-estim\u00e9s dans leur professionnalisme.<\/span><\/span><\/p>\n<p lang=\"zxx\" align=\"JUSTIFY\">\n<p lang=\"zxx\" align=\"JUSTIFY\"><span style=\"font-family: georgia, palatino, serif;\"><span style=\"font-size: medium;\">Les guides touristiques Best Verona Guides \u00e0 V\u00e9rone ont choisi de suivre une direction oppos\u00e9e, offrant un service hautement qualitatif qui d\u00e9passe toutes les normes, afin d&rsquo;offrir des visites guid\u00e9es qui deviennent des exp\u00e9riences de d\u00e9couverte personnelles, satisfaisantes et m\u00e9morables.<\/span><\/span><\/p>\n\t\t\t\t\t\t\t\t<\/div>\n\t\t\t\t<\/div>\n\t\t\t\t\t<\/div>\n\t\t<\/div>\n\t\t\t\t\t<\/div>\n\t\t<\/section>\n\t\t\t\t<section class=\"elementor-section elementor-top-section elementor-element elementor-element-2fa0ea3 elementor-section-boxed elementor-section-height-default elementor-section-height-default\" data-id=\"2fa0ea3\" data-element_type=\"section\">\n\t\t\t\t\t\t<div class=\"elementor-container elementor-column-gap-default\">\n\t\t\t\t\t<div class=\"elementor-column elementor-col-100 elementor-top-column elementor-element elementor-element-64283e9\" data-id=\"64283e9\" data-element_type=\"column\">\n\t\t\t<div class=\"elementor-widget-wrap\">\n\t\t\t\t\t\t\t<\/div>\n\t\t<\/div>\n\t\t\t\t\t<\/div>\n\t\t<\/section>\n\t\t\t\t<\/div>\n\t\t","protected":false},"excerpt":{"rendered":"<p>Les meilleurs professionnels pour visiter V\u00e9rone Nous nous presentons Best Verona Guides est une marque d\u00e9pos\u00e9e n\u00e9e de la volont\u00e9 de regrouper des guides touristiques locaux, ind\u00e9pendants, qualifi\u00e9s et hautement professionnels \u00e0 V\u00e9rone. Les guides appartenant au circuit sont constamment form\u00e9s et mis \u00e0 jour pour offrir un contenu hautement qualitatif \u00e0 ceux qui choisissent [&hellip;]<\/p>\n","protected":false},"author":7,"featured_media":0,"parent":0,"menu_order":0,"comment_status":"closed","ping_status":"closed","template":"","meta":{"footnotes":""},"class_list":["post-283","page","type-page","status-publish","hentry"],"yoast_head":"<!-- This site is optimized with the Yoast SEO plugin v24.7 - https:\/\/yoast.com\/wordpress\/plugins\/seo\/ -->\n<title>Qui nous sommes - Best Verona Guides<\/title>\n<meta name=\"robots\" content=\"index, follow, max-snippet:-1, max-image-preview:large, max-video-preview:-1\" \/>\n<link rel=\"canonical\" href=\"https:\/\/bestveronaguides.it\/fr\/qui-sommes-nous\/\" \/>\n<meta property=\"og:locale\" content=\"fr_FR\" \/>\n<meta property=\"og:type\" content=\"article\" \/>\n<meta property=\"og:title\" content=\"Qui nous sommes - Best Verona Guides\" \/>\n<meta property=\"og:description\" content=\"Les meilleurs professionnels pour visiter V\u00e9rone Nous nous presentons Best Verona Guides est une marque d\u00e9pos\u00e9e n\u00e9e de la volont\u00e9 de regrouper des guides touristiques locaux, ind\u00e9pendants, qualifi\u00e9s et hautement professionnels \u00e0 V\u00e9rone. Les guides appartenant au circuit sont constamment form\u00e9s et mis \u00e0 jour pour offrir un contenu hautement qualitatif \u00e0 ceux qui choisissent [&hellip;]\" \/>\n<meta property=\"og:url\" content=\"https:\/\/bestveronaguides.it\/fr\/qui-sommes-nous\/\" \/>\n<meta property=\"og:site_name\" content=\"Best Verona Guides\" \/>\n<meta property=\"article:modified_time\" content=\"2023-01-21T20:25:54+00:00\" \/>\n<meta property=\"og:image\" content=\"https:\/\/bestveronaguides.it\/media\/chi-siamo-best-verona-guides.jpg\" \/>\n<meta name=\"twitter:card\" content=\"summary_large_image\" \/>\n<meta name=\"twitter:label1\" content=\"Dur\u00e9e de lecture estim\u00e9e\" \/>\n\t<meta name=\"twitter:data1\" content=\"4 minutes\" \/>\n<script type=\"application\/ld+json\" class=\"yoast-schema-graph\">{\"@context\":\"https:\/\/schema.org\",\"@graph\":[{\"@type\":\"WebPage\",\"@id\":\"https:\/\/bestveronaguides.it\/fr\/qui-sommes-nous\/\",\"url\":\"https:\/\/bestveronaguides.it\/fr\/qui-sommes-nous\/\",\"name\":\"Qui nous sommes - Best Verona Guides\",\"isPartOf\":{\"@id\":\"https:\/\/bestveronaguides.it\/fr\/#website\"},\"primaryImageOfPage\":{\"@id\":\"https:\/\/bestveronaguides.it\/fr\/qui-sommes-nous\/#primaryimage\"},\"image\":{\"@id\":\"https:\/\/bestveronaguides.it\/fr\/qui-sommes-nous\/#primaryimage\"},\"thumbnailUrl\":\"https:\/\/bestveronaguides.it\/media\/chi-siamo-best-verona-guides.jpg\",\"datePublished\":\"2022-02-21T16:16:31+00:00\",\"dateModified\":\"2023-01-21T20:25:54+00:00\",\"breadcrumb\":{\"@id\":\"https:\/\/bestveronaguides.it\/fr\/qui-sommes-nous\/#breadcrumb\"},\"inLanguage\":\"fr-FR\",\"potentialAction\":[{\"@type\":\"ReadAction\",\"target\":[\"https:\/\/bestveronaguides.it\/fr\/qui-sommes-nous\/\"]}]},{\"@type\":\"ImageObject\",\"inLanguage\":\"fr-FR\",\"@id\":\"https:\/\/bestveronaguides.it\/fr\/qui-sommes-nous\/#primaryimage\",\"url\":\"https:\/\/bestveronaguides.it\/media\/chi-siamo-best-verona-guides.jpg\",\"contentUrl\":\"https:\/\/bestveronaguides.it\/media\/chi-siamo-best-verona-guides.jpg\"},{\"@type\":\"BreadcrumbList\",\"@id\":\"https:\/\/bestveronaguides.it\/fr\/qui-sommes-nous\/#breadcrumb\",\"itemListElement\":[{\"@type\":\"ListItem\",\"position\":1,\"name\":\"Home\",\"item\":\"https:\/\/bestveronaguides.it\/fr\/home\/\"},{\"@type\":\"ListItem\",\"position\":2,\"name\":\"Qui nous sommes\"}]},{\"@type\":\"WebSite\",\"@id\":\"https:\/\/bestveronaguides.it\/fr\/#website\",\"url\":\"https:\/\/bestveronaguides.it\/fr\/\",\"name\":\"Best Verona Guides\",\"description\":\"La tua guida in un attimo\",\"publisher\":{\"@id\":\"https:\/\/bestveronaguides.it\/fr\/#organization\"},\"potentialAction\":[{\"@type\":\"SearchAction\",\"target\":{\"@type\":\"EntryPoint\",\"urlTemplate\":\"https:\/\/bestveronaguides.it\/fr\/?s={search_term_string}\"},\"query-input\":{\"@type\":\"PropertyValueSpecification\",\"valueRequired\":true,\"valueName\":\"search_term_string\"}}],\"inLanguage\":\"fr-FR\"},{\"@type\":\"Organization\",\"@id\":\"https:\/\/bestveronaguides.it\/fr\/#organization\",\"name\":\"Associazione Assoguide Verona\",\"url\":\"https:\/\/bestveronaguides.it\/fr\/\",\"logo\":{\"@type\":\"ImageObject\",\"inLanguage\":\"fr-FR\",\"@id\":\"https:\/\/bestveronaguides.it\/fr\/#\/schema\/logo\/image\/\",\"url\":\"https:\/\/bestveronaguides.it\/media\/logo.png\",\"contentUrl\":\"https:\/\/bestveronaguides.it\/media\/logo.png\",\"width\":444,\"height\":237,\"caption\":\"Associazione Assoguide Verona\"},\"image\":{\"@id\":\"https:\/\/bestveronaguides.it\/fr\/#\/schema\/logo\/image\/\"}}]}<\/script>\n<!-- \/ Yoast SEO plugin. -->","yoast_head_json":{"title":"Qui nous sommes - Best Verona Guides","robots":{"index":"index","follow":"follow","max-snippet":"max-snippet:-1","max-image-preview":"max-image-preview:large","max-video-preview":"max-video-preview:-1"},"canonical":"https:\/\/bestveronaguides.it\/fr\/qui-sommes-nous\/","og_locale":"fr_FR","og_type":"article","og_title":"Qui nous sommes - Best Verona Guides","og_description":"Les meilleurs professionnels pour visiter V\u00e9rone Nous nous presentons Best Verona Guides est une marque d\u00e9pos\u00e9e n\u00e9e de la volont\u00e9 de regrouper des guides touristiques locaux, ind\u00e9pendants, qualifi\u00e9s et hautement professionnels \u00e0 V\u00e9rone. Les guides appartenant au circuit sont constamment form\u00e9s et mis \u00e0 jour pour offrir un contenu hautement qualitatif \u00e0 ceux qui choisissent [&hellip;]","og_url":"https:\/\/bestveronaguides.it\/fr\/qui-sommes-nous\/","og_site_name":"Best Verona Guides","article_modified_time":"2023-01-21T20:25:54+00:00","og_image":[{"url":"https:\/\/bestveronaguides.it\/media\/chi-siamo-best-verona-guides.jpg","type":"","width":"","height":""}],"twitter_card":"summary_large_image","twitter_misc":{"Dur\u00e9e de lecture estim\u00e9e":"4 minutes"},"schema":{"@context":"https:\/\/schema.org","@graph":[{"@type":"WebPage","@id":"https:\/\/bestveronaguides.it\/fr\/qui-sommes-nous\/","url":"https:\/\/bestveronaguides.it\/fr\/qui-sommes-nous\/","name":"Qui nous sommes - Best Verona Guides","isPartOf":{"@id":"https:\/\/bestveronaguides.it\/fr\/#website"},"primaryImageOfPage":{"@id":"https:\/\/bestveronaguides.it\/fr\/qui-sommes-nous\/#primaryimage"},"image":{"@id":"https:\/\/bestveronaguides.it\/fr\/qui-sommes-nous\/#primaryimage"},"thumbnailUrl":"https:\/\/bestveronaguides.it\/media\/chi-siamo-best-verona-guides.jpg","datePublished":"2022-02-21T16:16:31+00:00","dateModified":"2023-01-21T20:25:54+00:00","breadcrumb":{"@id":"https:\/\/bestveronaguides.it\/fr\/qui-sommes-nous\/#breadcrumb"},"inLanguage":"fr-FR","potentialAction":[{"@type":"ReadAction","target":["https:\/\/bestveronaguides.it\/fr\/qui-sommes-nous\/"]}]},{"@type":"ImageObject","inLanguage":"fr-FR","@id":"https:\/\/bestveronaguides.it\/fr\/qui-sommes-nous\/#primaryimage","url":"https:\/\/bestveronaguides.it\/media\/chi-siamo-best-verona-guides.jpg","contentUrl":"https:\/\/bestveronaguides.it\/media\/chi-siamo-best-verona-guides.jpg"},{"@type":"BreadcrumbList","@id":"https:\/\/bestveronaguides.it\/fr\/qui-sommes-nous\/#breadcrumb","itemListElement":[{"@type":"ListItem","position":1,"name":"Home","item":"https:\/\/bestveronaguides.it\/fr\/home\/"},{"@type":"ListItem","position":2,"name":"Qui nous sommes"}]},{"@type":"WebSite","@id":"https:\/\/bestveronaguides.it\/fr\/#website","url":"https:\/\/bestveronaguides.it\/fr\/","name":"Best Verona Guides","description":"La tua guida in un attimo","publisher":{"@id":"https:\/\/bestveronaguides.it\/fr\/#organization"},"potentialAction":[{"@type":"SearchAction","target":{"@type":"EntryPoint","urlTemplate":"https:\/\/bestveronaguides.it\/fr\/?s={search_term_string}"},"query-input":{"@type":"PropertyValueSpecification","valueRequired":true,"valueName":"search_term_string"}}],"inLanguage":"fr-FR"},{"@type":"Organization","@id":"https:\/\/bestveronaguides.it\/fr\/#organization","name":"Associazione Assoguide Verona","url":"https:\/\/bestveronaguides.it\/fr\/","logo":{"@type":"ImageObject","inLanguage":"fr-FR","@id":"https:\/\/bestveronaguides.it\/fr\/#\/schema\/logo\/image\/","url":"https:\/\/bestveronaguides.it\/media\/logo.png","contentUrl":"https:\/\/bestveronaguides.it\/media\/logo.png","width":444,"height":237,"caption":"Associazione Assoguide Verona"},"image":{"@id":"https:\/\/bestveronaguides.it\/fr\/#\/schema\/logo\/image\/"}}]}},"_links":{"self":[{"href":"https:\/\/bestveronaguides.it\/fr\/wp-json\/wp\/v2\/pages\/283","targetHints":{"allow":["GET"]}}],"collection":[{"href":"https:\/\/bestveronaguides.it\/fr\/wp-json\/wp\/v2\/pages"}],"about":[{"href":"https:\/\/bestveronaguides.it\/fr\/wp-json\/wp\/v2\/types\/page"}],"author":[{"embeddable":true,"href":"https:\/\/bestveronaguides.it\/fr\/wp-json\/wp\/v2\/users\/7"}],"replies":[{"embeddable":true,"href":"https:\/\/bestveronaguides.it\/fr\/wp-json\/wp\/v2\/comments?post=283"}],"version-history":[{"count":0,"href":"https:\/\/bestveronaguides.it\/fr\/wp-json\/wp\/v2\/pages\/283\/revisions"}],"wp:attachment":[{"href":"https:\/\/bestveronaguides.it\/fr\/wp-json\/wp\/v2\/media?parent=283"}],"curies":[{"name":"wp","href":"https:\/\/api.w.org\/{rel}","templated":true}]}}