{"id":2528,"date":"2024-04-02T11:37:02","date_gmt":"2024-04-02T09:37:02","guid":{"rendered":"https:\/\/bestveronaguides.it\/todas-las-guias\/"},"modified":"2024-04-02T11:37:03","modified_gmt":"2024-04-02T09:37:03","slug":"todas-las-guias","status":"publish","type":"page","link":"https:\/\/bestveronaguides.it\/es\/todas-las-guias\/","title":{"rendered":"Todas las gu\u00edas"},"content":{"rendered":"\t\t<div data-elementor-type=\"wp-page\" data-elementor-id=\"2528\" class=\"elementor elementor-2528 elementor-168\" data-elementor-post-type=\"page\">\n\t\t\t\t\t\t<section class=\"elementor-section elementor-top-section elementor-element elementor-element-b925ca0 elementor-section-full_width elementor-section-height-default elementor-section-height-default\" data-id=\"b925ca0\" data-element_type=\"section\" data-e-type=\"section\">\n\t\t\t\t\t\t<div class=\"elementor-container elementor-column-gap-default\">\n\t\t\t\t\t<div class=\"elementor-column elementor-col-100 elementor-top-column elementor-element elementor-element-a8dc69b\" data-id=\"a8dc69b\" data-element_type=\"column\" data-e-type=\"column\">\n\t\t\t<div class=\"elementor-widget-wrap elementor-element-populated\">\n\t\t\t\t\t\t<div class=\"elementor-element elementor-element-ea8e9af elementor-widget elementor-widget-image\" data-id=\"ea8e9af\" data-element_type=\"widget\" data-e-type=\"widget\" data-widget_type=\"image.default\">\n\t\t\t\t<div class=\"elementor-widget-container\">\n\t\t\t\t\t\t\t\t\t\t\t\t\t\t\t<img fetchpriority=\"high\" decoding=\"async\" width=\"1920\" height=\"933\" src=\"https:\/\/bestveronaguides.it\/media\/2-trova-guida-bvrg-modif.jpg\" class=\"attachment-full size-full wp-image-1821\" alt=\"\" srcset=\"https:\/\/bestveronaguides.it\/media\/2-trova-guida-bvrg-modif.jpg 1920w, https:\/\/bestveronaguides.it\/media\/2-trova-guida-bvrg-modif-500x243.jpg 500w, https:\/\/bestveronaguides.it\/media\/2-trova-guida-bvrg-modif-1024x498.jpg 1024w, https:\/\/bestveronaguides.it\/media\/2-trova-guida-bvrg-modif-768x373.jpg 768w, https:\/\/bestveronaguides.it\/media\/2-trova-guida-bvrg-modif-1536x746.jpg 1536w\" sizes=\"(max-width: 1920px) 100vw, 1920px\" \/>\t\t\t\t\t\t\t\t\t\t\t\t\t\t\t<\/div>\n\t\t\t\t<\/div>\n\t\t\t\t<div class=\"elementor-element elementor-element-69768f4 elementor-widget__width-auto elementor-absolute elementor-widget elementor-widget-heading\" data-id=\"69768f4\" data-element_type=\"widget\" data-e-type=\"widget\" data-settings=\"{&quot;_position&quot;:&quot;absolute&quot;}\" data-widget_type=\"heading.default\">\n\t\t\t\t<div class=\"elementor-widget-container\">\n\t\t\t\t\t<h2 class=\"elementor-heading-title elementor-size-default\">\u00a1Encuentra la gu\u00eda que mejor se adapta a ti!<\/h2>\t\t\t\t<\/div>\n\t\t\t\t<\/div>\n\t\t\t\t\t<\/div>\n\t\t<\/div>\n\t\t\t\t\t<\/div>\n\t\t<\/section>\n\t\t\t\t<section class=\"elementor-section elementor-top-section elementor-element elementor-element-e26267d elementor-section-boxed elementor-section-height-default elementor-section-height-default\" data-id=\"e26267d\" data-element_type=\"section\" data-e-type=\"section\">\n\t\t\t\t\t\t<div class=\"elementor-container elementor-column-gap-default\">\n\t\t\t\t\t<div class=\"elementor-column elementor-col-100 elementor-top-column elementor-element elementor-element-6bd7c44\" data-id=\"6bd7c44\" data-element_type=\"column\" data-e-type=\"column\">\n\t\t\t<div class=\"elementor-widget-wrap elementor-element-populated\">\n\t\t\t\t\t\t<div class=\"elementor-element elementor-element-7517bfc elementor-widget elementor-widget-heading\" data-id=\"7517bfc\" data-element_type=\"widget\" data-e-type=\"widget\" data-widget_type=\"heading.default\">\n\t\t\t\t<div class=\"elementor-widget-container\">\n\t\t\t\t\t<h1 class=\"elementor-heading-title elementor-size-default\">Busqueda<\/h1>\t\t\t\t<\/div>\n\t\t\t\t<\/div>\n\t\t\t\t<div class=\"elementor-element elementor-element-2b3dbca elementor-widget elementor-widget-text-editor\" data-id=\"2b3dbca\" data-element_type=\"widget\" data-e-type=\"widget\" data-widget_type=\"text-editor.default\">\n\t\t\t\t<div class=\"elementor-widget-container\">\n\t\t\t\t\t\t\t\t\t<p>Selecciona el idioma y las \u00e1reas tem\u00e1ticas de tu inter\u00e9s. \u00a1Encuentra la gu\u00eda que mejor se adapta a ti!<\/p>\n\t\t\t\t\t\t\t\t<\/div>\n\t\t\t\t<\/div>\n\t\t\t\t\t<\/div>\n\t\t<\/div>\n\t\t\t\t\t<\/div>\n\t\t<\/section>\n\t\t\t\t<section class=\"elementor-section elementor-top-section elementor-element elementor-element-96e54c1 elementor-section-full_width elementor-section-height-default elementor-section-height-default\" data-id=\"96e54c1\" data-element_type=\"section\" data-e-type=\"section\">\n\t\t\t\t\t\t<div class=\"elementor-container elementor-column-gap-default\">\n\t\t\t\t\t<div class=\"elementor-column elementor-col-100 elementor-top-column elementor-element elementor-element-fd8bbff\" data-id=\"fd8bbff\" data-element_type=\"column\" data-e-type=\"column\">\n\t\t\t<div class=\"elementor-widget-wrap elementor-element-populated\">\n\t\t\t\t\t\t<div class=\"elementor-element elementor-element-e77baf2 elementor-widget elementor-widget-h3customs-search-authors\" data-id=\"e77baf2\" data-element_type=\"widget\" data-e-type=\"widget\" data-widget_type=\"h3customs-search-authors.default\">\n\t\t\t\t<div class=\"elementor-widget-container\">\n\t\t\t\t\t\t\t<div class=\"h3-search-guide\">\n\t\t\t<div class=\"h3-container\">\n\t\t\t\t<div>\n    \t\t\t\t<div class=\"h3-fields\">\n        \t\t\t\t<div class=\"h3-field language\">\n        \t\t\t\t\t<label for=\"h3-language\">Lengua hablada<\/label>\n        \t\t\t\t\t<select id=\"h3-language\">\n        \t\t\t\t\t\t<option value=\"0\">-- Ninguna preferencia --<\/option>\n        \t\t\t\t\t\t<option value=\"it\">Italiano<\/option>\n        \t\t\t\t\t\t<option value=\"en\">English<\/option>\n        \t\t\t\t\t\t<option value=\"fr\">Fran\u00e7ais<\/option>\n        \t\t\t\t\t\t<option value=\"de\">Deutsch<\/option>\n        \t\t\t\t\t\t<option value=\"es\">Espa\u00f1ol<\/option>\n        \t\t\t\t\t\t<option value=\"ru\">\u0440\u0443\u0441\u0441\u043a\u0438\u0439<\/option>\n        \t\t\t\t\t<\/select>\n        \t\t\t\t<\/div>\n        \t\t\t\t<div class=\"h3-field thematic\">\n        \t\t\t\t\t<label for=\"h3-thematic\">Temas<\/label>\n        \t\t\t\t\t<select id=\"h3-thematic\">\n        \t\t\t\t\t\t<option value=\"0\">-- Ninguna preferencia --<\/option>\n        \t\t\t\t\t\t        \t\t\t\t\t\t<option value=\"1741\">El Arte Romanico en Verona<\/option>\n        \t\t\t\t\t\t        \t\t\t\t\t\t<option value=\"1670\">El arte veneto en el castillo de la ciudad<\/option>\n        \t\t\t\t\t\t        \t\t\t\t\t\t<option value=\"1682\">El Jard\u00edn Giusti<\/option>\n        \t\t\t\t\t\t        \t\t\t\t\t\t<option value=\"2845\">El Jardin Giusti y la tempestad del 2020.<\/option>\n        \t\t\t\t\t\t        \t\t\t\t\t\t<option value=\"1676\">El lago de Verona<\/option>\n        \t\t\t\t\t\t        \t\t\t\t\t\t<option value=\"1686\">El Parque Sigurt\u00e0<\/option>\n        \t\t\t\t\t\t        \t\t\t\t\t\t<option value=\"2662\">El Renacimiento en Verona en toda su belleza<\/option>\n        \t\t\t\t\t\t        \t\t\t\t\t\t<option value=\"3042\">La Verona medieval, capital de los Scaligeri<\/option>\n        \t\t\t\t\t\t        \t\t\t\t\t\t<option value=\"2730\">Lugares para visitar en Verona: los &quot;grandes cl\u00e1sicos&quot; de una visita general<\/option>\n        \t\t\t\t\t\t        \t\t\t\t\t\t<option value=\"3038\">Rutas por la Verona romana: m\u00e1s all\u00e1 de la Arena, al descubrimiento de la ciudad antigua<\/option>\n        \t\t\t\t\t\t        \t\t\t\t\t\t<option value=\"1700\">Tour en la Valpolicella<\/option>\n        \t\t\t\t\t\t        \t\t\t\t\t\t<option value=\"2594\">Verona rom\u00e1ntica: tras los pasos de la historia de amor m\u00e1s famosa de todos los tiempos<\/option>\n        \t\t\t\t\t\t        \t\t\t\t\t\t<option value=\"1632\">Verona y l&#039;\u00f3pera<\/option>\n        \t\t\t\t\t\t        \t\t\t\t\t\t<option value=\"1780\">Verona y su r\u00edo<\/option>\n        \t\t\t\t\t\t        \t\t\t\t\t\t<option value=\"1684\">Verona y sus colores con las casas pintadas en el casco hist\u00f3rico<\/option>\n        \t\t\t\t\t\t        \t\t\t\t\t<\/select>\n        \t\t\t\t<\/div>\n    \t\t\t\t<\/div>\n    \t\t\t\t<div class=\"h3-submit\">\n        \t\t\t\t<button id=\"h3-do-search\" class=\"btn\">Busca<\/button>\n        \t\t\t<\/div>\n    \t\t\t<\/div>\n\t\t\t<\/div>\n\t\t<\/div>\n\t\t<div class=\"h3-search-results\">\n\t\t\t<div class=\"h3-container\">\n\t\t\t\t<div id=\"h3-results\">\n\t\t\t\t<\/div>\n\t\t\t<\/div>\n\t\t<\/div>\n\t\t\t\t\t<\/div>\n\t\t\t\t<\/div>\n\t\t\t\t\t<\/div>\n\t\t<\/div>\n\t\t\t\t\t<\/div>\n\t\t<\/section>\n\t\t\t\t<\/div>\n\t\t","protected":false},"excerpt":{"rendered":"<p>\u00a1Encuentra la gu\u00eda que mejor se adapta a ti! Busqueda Selecciona el idioma y las \u00e1reas tem\u00e1ticas de tu inter\u00e9s. \u00a1Encuentra la gu\u00eda que mejor se adapta a ti! Lingua parlata &#8212; Nessuna Preferenza &#8212;ItalianoEnglishFran\u00e7aisDeutschEspa\u00f1ol\u0440\u0443\u0441\u0441\u043a\u0438\u0439 Tematica &#8212; Nessuna Preferenza &#8212;Verona per la prima voltaVerona al tempo di RomaL&#039;epoca d&#039;oro di Verona: la dinastia ScaligeraSotto l&#039;ala [&hellip;]<\/p>\n","protected":false},"author":7,"featured_media":0,"parent":0,"menu_order":0,"comment_status":"closed","ping_status":"closed","template":"","meta":{"footnotes":""},"class_list":["post-2528","page","type-page","status-publish","hentry"],"yoast_head":"<!-- This site is optimized with the Yoast SEO plugin v27.5 - https:\/\/yoast.com\/product\/yoast-seo-wordpress\/ -->\n<title>Todas las gu\u00edas - Best Verona Guides<\/title>\n<meta name=\"robots\" content=\"index, follow, max-snippet:-1, max-image-preview:large, max-video-preview:-1\" \/>\n<link rel=\"canonical\" href=\"https:\/\/bestveronaguides.it\/es\/todas-las-guias\/\" \/>\n<meta property=\"og:locale\" content=\"es_ES\" \/>\n<meta property=\"og:type\" content=\"article\" \/>\n<meta property=\"og:title\" content=\"Todas las gu\u00edas - Best Verona Guides\" \/>\n<meta property=\"og:description\" content=\"\u00a1Encuentra la gu\u00eda que mejor se adapta a ti! Busqueda Selecciona el idioma y las \u00e1reas tem\u00e1ticas de tu inter\u00e9s. \u00a1Encuentra la gu\u00eda que mejor se adapta a ti! Lingua parlata &#8212; Nessuna Preferenza &#8212;ItalianoEnglishFran\u00e7aisDeutschEspa\u00f1ol\u0440\u0443\u0441\u0441\u043a\u0438\u0439 Tematica &#8212; Nessuna Preferenza &#8212;Verona per la prima voltaVerona al tempo di RomaL&#039;epoca d&#039;oro di Verona: la dinastia ScaligeraSotto l&#039;ala [&hellip;]\" \/>\n<meta property=\"og:url\" content=\"https:\/\/bestveronaguides.it\/es\/todas-las-guias\/\" \/>\n<meta property=\"og:site_name\" content=\"Best Verona Guides\" \/>\n<meta property=\"article:modified_time\" content=\"2024-04-02T09:37:03+00:00\" \/>\n<meta property=\"og:image\" content=\"https:\/\/bestveronaguides.it\/media\/2-trova-guida-bvrg-modif.jpg\" \/>\n<meta name=\"twitter:card\" content=\"summary_large_image\" \/>\n<meta name=\"twitter:label1\" content=\"Tiempo de lectura\" \/>\n\t<meta name=\"twitter:data1\" content=\"1 minuto\" \/>\n<script type=\"application\/ld+json\" class=\"yoast-schema-graph\">{\"@context\":\"https:\\\/\\\/schema.org\",\"@graph\":[{\"@type\":\"WebPage\",\"@id\":\"https:\\\/\\\/bestveronaguides.it\\\/es\\\/todas-las-guias\\\/\",\"url\":\"https:\\\/\\\/bestveronaguides.it\\\/es\\\/todas-las-guias\\\/\",\"name\":\"Todas las gu\u00edas - Best Verona Guides\",\"isPartOf\":{\"@id\":\"https:\\\/\\\/bestveronaguides.it\\\/es\\\/#website\"},\"primaryImageOfPage\":{\"@id\":\"https:\\\/\\\/bestveronaguides.it\\\/es\\\/todas-las-guias\\\/#primaryimage\"},\"image\":{\"@id\":\"https:\\\/\\\/bestveronaguides.it\\\/es\\\/todas-las-guias\\\/#primaryimage\"},\"thumbnailUrl\":\"https:\\\/\\\/bestveronaguides.it\\\/media\\\/2-trova-guida-bvrg-modif.jpg\",\"datePublished\":\"2024-04-02T09:37:02+00:00\",\"dateModified\":\"2024-04-02T09:37:03+00:00\",\"breadcrumb\":{\"@id\":\"https:\\\/\\\/bestveronaguides.it\\\/es\\\/todas-las-guias\\\/#breadcrumb\"},\"inLanguage\":\"es\",\"potentialAction\":[{\"@type\":\"ReadAction\",\"target\":[\"https:\\\/\\\/bestveronaguides.it\\\/es\\\/todas-las-guias\\\/\"]}]},{\"@type\":\"ImageObject\",\"inLanguage\":\"es\",\"@id\":\"https:\\\/\\\/bestveronaguides.it\\\/es\\\/todas-las-guias\\\/#primaryimage\",\"url\":\"https:\\\/\\\/bestveronaguides.it\\\/media\\\/2-trova-guida-bvrg-modif.jpg\",\"contentUrl\":\"https:\\\/\\\/bestveronaguides.it\\\/media\\\/2-trova-guida-bvrg-modif.jpg\"},{\"@type\":\"BreadcrumbList\",\"@id\":\"https:\\\/\\\/bestveronaguides.it\\\/es\\\/todas-las-guias\\\/#breadcrumb\",\"itemListElement\":[{\"@type\":\"ListItem\",\"position\":1,\"name\":\"Home\",\"item\":\"https:\\\/\\\/bestveronaguides.it\\\/es\\\/\"},{\"@type\":\"ListItem\",\"position\":2,\"name\":\"Todas las gu\u00edas\"}]},{\"@type\":\"WebSite\",\"@id\":\"https:\\\/\\\/bestveronaguides.it\\\/es\\\/#website\",\"url\":\"https:\\\/\\\/bestveronaguides.it\\\/es\\\/\",\"name\":\"Best Verona Guides\",\"description\":\"La tua guida in un attimo\",\"publisher\":{\"@id\":\"https:\\\/\\\/bestveronaguides.it\\\/es\\\/#organization\"},\"potentialAction\":[{\"@type\":\"SearchAction\",\"target\":{\"@type\":\"EntryPoint\",\"urlTemplate\":\"https:\\\/\\\/bestveronaguides.it\\\/es\\\/?s={search_term_string}\"},\"query-input\":{\"@type\":\"PropertyValueSpecification\",\"valueRequired\":true,\"valueName\":\"search_term_string\"}}],\"inLanguage\":\"es\"},{\"@type\":\"Organization\",\"@id\":\"https:\\\/\\\/bestveronaguides.it\\\/es\\\/#organization\",\"name\":\"Associazione Assoguide Verona\",\"url\":\"https:\\\/\\\/bestveronaguides.it\\\/es\\\/\",\"logo\":{\"@type\":\"ImageObject\",\"inLanguage\":\"es\",\"@id\":\"https:\\\/\\\/bestveronaguides.it\\\/es\\\/#\\\/schema\\\/logo\\\/image\\\/\",\"url\":\"https:\\\/\\\/bestveronaguides.it\\\/media\\\/logo.png\",\"contentUrl\":\"https:\\\/\\\/bestveronaguides.it\\\/media\\\/logo.png\",\"width\":444,\"height\":237,\"caption\":\"Associazione Assoguide Verona\"},\"image\":{\"@id\":\"https:\\\/\\\/bestveronaguides.it\\\/es\\\/#\\\/schema\\\/logo\\\/image\\\/\"}}]}<\/script>\n<!-- \/ Yoast SEO plugin. -->","yoast_head_json":{"title":"Todas las gu\u00edas - Best Verona Guides","robots":{"index":"index","follow":"follow","max-snippet":"max-snippet:-1","max-image-preview":"max-image-preview:large","max-video-preview":"max-video-preview:-1"},"canonical":"https:\/\/bestveronaguides.it\/es\/todas-las-guias\/","og_locale":"es_ES","og_type":"article","og_title":"Todas las gu\u00edas - Best Verona Guides","og_description":"\u00a1Encuentra la gu\u00eda que mejor se adapta a ti! Busqueda Selecciona el idioma y las \u00e1reas tem\u00e1ticas de tu inter\u00e9s. \u00a1Encuentra la gu\u00eda que mejor se adapta a ti! Lingua parlata &#8212; Nessuna Preferenza &#8212;ItalianoEnglishFran\u00e7aisDeutschEspa\u00f1ol\u0440\u0443\u0441\u0441\u043a\u0438\u0439 Tematica &#8212; Nessuna Preferenza &#8212;Verona per la prima voltaVerona al tempo di RomaL&#039;epoca d&#039;oro di Verona: la dinastia ScaligeraSotto l&#039;ala [&hellip;]","og_url":"https:\/\/bestveronaguides.it\/es\/todas-las-guias\/","og_site_name":"Best Verona Guides","article_modified_time":"2024-04-02T09:37:03+00:00","og_image":[{"url":"https:\/\/bestveronaguides.it\/media\/2-trova-guida-bvrg-modif.jpg","type":"","width":"","height":""}],"twitter_card":"summary_large_image","twitter_misc":{"Tiempo de lectura":"1 minuto"},"schema":{"@context":"https:\/\/schema.org","@graph":[{"@type":"WebPage","@id":"https:\/\/bestveronaguides.it\/es\/todas-las-guias\/","url":"https:\/\/bestveronaguides.it\/es\/todas-las-guias\/","name":"Todas las gu\u00edas - Best Verona Guides","isPartOf":{"@id":"https:\/\/bestveronaguides.it\/es\/#website"},"primaryImageOfPage":{"@id":"https:\/\/bestveronaguides.it\/es\/todas-las-guias\/#primaryimage"},"image":{"@id":"https:\/\/bestveronaguides.it\/es\/todas-las-guias\/#primaryimage"},"thumbnailUrl":"https:\/\/bestveronaguides.it\/media\/2-trova-guida-bvrg-modif.jpg","datePublished":"2024-04-02T09:37:02+00:00","dateModified":"2024-04-02T09:37:03+00:00","breadcrumb":{"@id":"https:\/\/bestveronaguides.it\/es\/todas-las-guias\/#breadcrumb"},"inLanguage":"es","potentialAction":[{"@type":"ReadAction","target":["https:\/\/bestveronaguides.it\/es\/todas-las-guias\/"]}]},{"@type":"ImageObject","inLanguage":"es","@id":"https:\/\/bestveronaguides.it\/es\/todas-las-guias\/#primaryimage","url":"https:\/\/bestveronaguides.it\/media\/2-trova-guida-bvrg-modif.jpg","contentUrl":"https:\/\/bestveronaguides.it\/media\/2-trova-guida-bvrg-modif.jpg"},{"@type":"BreadcrumbList","@id":"https:\/\/bestveronaguides.it\/es\/todas-las-guias\/#breadcrumb","itemListElement":[{"@type":"ListItem","position":1,"name":"Home","item":"https:\/\/bestveronaguides.it\/es\/"},{"@type":"ListItem","position":2,"name":"Todas las gu\u00edas"}]},{"@type":"WebSite","@id":"https:\/\/bestveronaguides.it\/es\/#website","url":"https:\/\/bestveronaguides.it\/es\/","name":"Best Verona Guides","description":"La tua guida in un attimo","publisher":{"@id":"https:\/\/bestveronaguides.it\/es\/#organization"},"potentialAction":[{"@type":"SearchAction","target":{"@type":"EntryPoint","urlTemplate":"https:\/\/bestveronaguides.it\/es\/?s={search_term_string}"},"query-input":{"@type":"PropertyValueSpecification","valueRequired":true,"valueName":"search_term_string"}}],"inLanguage":"es"},{"@type":"Organization","@id":"https:\/\/bestveronaguides.it\/es\/#organization","name":"Associazione Assoguide Verona","url":"https:\/\/bestveronaguides.it\/es\/","logo":{"@type":"ImageObject","inLanguage":"es","@id":"https:\/\/bestveronaguides.it\/es\/#\/schema\/logo\/image\/","url":"https:\/\/bestveronaguides.it\/media\/logo.png","contentUrl":"https:\/\/bestveronaguides.it\/media\/logo.png","width":444,"height":237,"caption":"Associazione Assoguide Verona"},"image":{"@id":"https:\/\/bestveronaguides.it\/es\/#\/schema\/logo\/image\/"}}]}},"_links":{"self":[{"href":"https:\/\/bestveronaguides.it\/es\/wp-json\/wp\/v2\/pages\/2528","targetHints":{"allow":["GET"]}}],"collection":[{"href":"https:\/\/bestveronaguides.it\/es\/wp-json\/wp\/v2\/pages"}],"about":[{"href":"https:\/\/bestveronaguides.it\/es\/wp-json\/wp\/v2\/types\/page"}],"author":[{"embeddable":true,"href":"https:\/\/bestveronaguides.it\/es\/wp-json\/wp\/v2\/users\/7"}],"replies":[{"embeddable":true,"href":"https:\/\/bestveronaguides.it\/es\/wp-json\/wp\/v2\/comments?post=2528"}],"version-history":[{"count":0,"href":"https:\/\/bestveronaguides.it\/es\/wp-json\/wp\/v2\/pages\/2528\/revisions"}],"wp:attachment":[{"href":"https:\/\/bestveronaguides.it\/es\/wp-json\/wp\/v2\/media?parent=2528"}],"curies":[{"name":"wp","href":"https:\/\/api.w.org\/{rel}","templated":true}]}}