{"id":2527,"date":"2024-04-02T11:35:27","date_gmt":"2024-04-02T09:35:27","guid":{"rendered":"https:\/\/bestveronaguides.it\/quienes-somos\/"},"modified":"2024-04-02T11:35:27","modified_gmt":"2024-04-02T09:35:27","slug":"quienes-somos","status":"publish","type":"page","link":"https:\/\/bestveronaguides.it\/es\/quienes-somos\/","title":{"rendered":"Qui\u00e8nes Somos"},"content":{"rendered":"\t\t<div data-elementor-type=\"wp-page\" data-elementor-id=\"2527\" class=\"elementor elementor-2527 elementor-150\" data-elementor-post-type=\"page\">\n\t\t\t\t\t\t<section class=\"elementor-section elementor-top-section elementor-element elementor-element-99d8d5f elementor-section-full_width elementor-section-height-default elementor-section-height-default\" data-id=\"99d8d5f\" data-element_type=\"section\">\n\t\t\t\t\t\t<div class=\"elementor-container elementor-column-gap-default\">\n\t\t\t\t\t<div class=\"elementor-column elementor-col-100 elementor-top-column elementor-element elementor-element-bc071de\" data-id=\"bc071de\" data-element_type=\"column\">\n\t\t\t<div class=\"elementor-widget-wrap elementor-element-populated\">\n\t\t\t\t\t\t<div class=\"elementor-element elementor-element-1eb1b3d elementor-widget elementor-widget-image\" data-id=\"1eb1b3d\" data-element_type=\"widget\" data-widget_type=\"image.default\">\n\t\t\t\t<div class=\"elementor-widget-container\">\n\t\t\t\t\t\t\t\t\t\t\t\t\t\t\t<img fetchpriority=\"high\" decoding=\"async\" width=\"1920\" height=\"933\" src=\"https:\/\/bestveronaguides.it\/media\/chi-siamo-best-verona-guides.jpg\" class=\"attachment-full size-full wp-image-1804\" alt=\"\" srcset=\"https:\/\/bestveronaguides.it\/media\/chi-siamo-best-verona-guides.jpg 1920w, https:\/\/bestveronaguides.it\/media\/chi-siamo-best-verona-guides-500x243.jpg 500w, https:\/\/bestveronaguides.it\/media\/chi-siamo-best-verona-guides-1024x498.jpg 1024w, https:\/\/bestveronaguides.it\/media\/chi-siamo-best-verona-guides-768x373.jpg 768w, https:\/\/bestveronaguides.it\/media\/chi-siamo-best-verona-guides-1536x746.jpg 1536w\" sizes=\"(max-width: 1920px) 100vw, 1920px\" \/>\t\t\t\t\t\t\t\t\t\t\t\t\t\t\t<\/div>\n\t\t\t\t<\/div>\n\t\t\t\t<div class=\"elementor-element elementor-element-3461d53 elementor-widget__width-auto elementor-absolute elementor-widget elementor-widget-heading\" data-id=\"3461d53\" data-element_type=\"widget\" data-settings=\"{&quot;_position&quot;:&quot;absolute&quot;}\" data-widget_type=\"heading.default\">\n\t\t\t\t<div class=\"elementor-widget-container\">\n\t\t\t\t\t<h2 class=\"elementor-heading-title elementor-size-default\">Los mejores profesionales para visitar Verona<\/h2>\t\t\t\t<\/div>\n\t\t\t\t<\/div>\n\t\t\t\t\t<\/div>\n\t\t<\/div>\n\t\t\t\t\t<\/div>\n\t\t<\/section>\n\t\t\t\t<section class=\"elementor-section elementor-top-section elementor-element elementor-element-b2956dd elementor-section-boxed elementor-section-height-default elementor-section-height-default\" data-id=\"b2956dd\" data-element_type=\"section\">\n\t\t\t\t\t\t<div class=\"elementor-container elementor-column-gap-default\">\n\t\t\t\t\t<div class=\"elementor-column elementor-col-100 elementor-top-column elementor-element elementor-element-3bddf62\" data-id=\"3bddf62\" data-element_type=\"column\">\n\t\t\t<div class=\"elementor-widget-wrap elementor-element-populated\">\n\t\t\t\t\t\t<div class=\"elementor-element elementor-element-972ab62 elementor-widget elementor-widget-heading\" data-id=\"972ab62\" data-element_type=\"widget\" data-widget_type=\"heading.default\">\n\t\t\t\t<div class=\"elementor-widget-container\">\n\t\t\t\t\t<h1 class=\"elementor-heading-title elementor-size-default\">Nos presentamos<\/h1>\t\t\t\t<\/div>\n\t\t\t\t<\/div>\n\t\t\t\t<div class=\"elementor-element elementor-element-2db2a02 elementor-widget elementor-widget-text-editor\" data-id=\"2db2a02\" data-element_type=\"widget\" data-widget_type=\"text-editor.default\">\n\t\t\t\t<div class=\"elementor-widget-container\">\n\t\t\t\t\t\t\t\t\t<p>Best Verona Guides es una marca registrada que nace del deseo de reunir <strong>gu\u00edas tur\u00edsticos locales<\/strong>, independientes, calificados y altamente profesionales <strong>en Verona<\/strong>. Los gu\u00edas que pertenecen al circuito est\u00e1n en continua capacitaci\u00f3n y actualizaci\u00f3n.<\/p>\t\t\t\t\t\t\t\t<\/div>\n\t\t\t\t<\/div>\n\t\t\t\t<div class=\"elementor-element elementor-element-8fc7e09 elementor-widget elementor-widget-heading\" data-id=\"8fc7e09\" data-element_type=\"widget\" data-widget_type=\"heading.default\">\n\t\t\t\t<div class=\"elementor-widget-container\">\n\t\t\t\t\t<h2 class=\"elementor-heading-title elementor-size-default\">Visi\u00f3n<\/h2>\t\t\t\t<\/div>\n\t\t\t\t<\/div>\n\t\t\t\t<div class=\"elementor-element elementor-element-c9af96e elementor-widget elementor-widget-text-editor\" data-id=\"c9af96e\" data-element_type=\"widget\" data-widget_type=\"text-editor.default\">\n\t\t\t\t<div class=\"elementor-widget-container\">\n\t\t\t\t\t\t\t\t\t<p>La visi\u00f3n de Best Verona Guides combina las habilidades profesionales con el deseo de ofrecer una experiencia \u00fanica a quienes eligen visitar Verona y sus maravillas.<\/p>\n<p>Si bien se pueden encontrar recorridos est\u00e1ndar en todas partes, cada gu\u00eda tur\u00edstica tiene sus propias pasiones, peculiaridades y temas en los que se especializa.<\/p>\n\t\t\t\t\t\t\t\t<\/div>\n\t\t\t\t<\/div>\n\t\t\t\t\t<\/div>\n\t\t<\/div>\n\t\t\t\t\t<\/div>\n\t\t<\/section>\n\t\t\t\t<section class=\"elementor-section elementor-top-section elementor-element elementor-element-2fa0ea3 elementor-section-boxed elementor-section-height-default elementor-section-height-default\" data-id=\"2fa0ea3\" data-element_type=\"section\">\n\t\t\t\t\t\t<div class=\"elementor-container elementor-column-gap-default\">\n\t\t\t\t\t<div class=\"elementor-column elementor-col-100 elementor-top-column elementor-element elementor-element-64283e9\" data-id=\"64283e9\" data-element_type=\"column\">\n\t\t\t<div class=\"elementor-widget-wrap\">\n\t\t\t\t\t\t\t<\/div>\n\t\t<\/div>\n\t\t\t\t\t<\/div>\n\t\t<\/section>\n\t\t\t\t<\/div>\n\t\t","protected":false},"excerpt":{"rendered":"<p>Los mejores profesionales para visitar Verona Nos presentamos Best Verona Guides es una marca registrada que nace del deseo de reunir gu\u00edas tur\u00edsticos locales, independientes, calificados y altamente profesionales en Verona. Los gu\u00edas que pertenecen al circuito est\u00e1n en continua capacitaci\u00f3n y actualizaci\u00f3n. Visi\u00f3n La visi\u00f3n de Best Verona Guides combina las habilidades profesionales con [&hellip;]<\/p>\n","protected":false},"author":7,"featured_media":0,"parent":0,"menu_order":0,"comment_status":"closed","ping_status":"closed","template":"","meta":{"footnotes":""},"class_list":["post-2527","page","type-page","status-publish","hentry"],"yoast_head":"<!-- This site is optimized with the Yoast SEO plugin v24.7 - https:\/\/yoast.com\/wordpress\/plugins\/seo\/ -->\n<title>Qui\u00e8nes Somos - Best Verona Guides<\/title>\n<meta name=\"robots\" content=\"index, follow, max-snippet:-1, max-image-preview:large, max-video-preview:-1\" \/>\n<link rel=\"canonical\" href=\"https:\/\/bestveronaguides.it\/es\/quienes-somos\/\" \/>\n<meta property=\"og:locale\" content=\"es_ES\" \/>\n<meta property=\"og:type\" content=\"article\" \/>\n<meta property=\"og:title\" content=\"Qui\u00e8nes Somos - Best Verona Guides\" \/>\n<meta property=\"og:description\" content=\"Los mejores profesionales para visitar Verona Nos presentamos Best Verona Guides es una marca registrada que nace del deseo de reunir gu\u00edas tur\u00edsticos locales, independientes, calificados y altamente profesionales en Verona. Los gu\u00edas que pertenecen al circuito est\u00e1n en continua capacitaci\u00f3n y actualizaci\u00f3n. Visi\u00f3n La visi\u00f3n de Best Verona Guides combina las habilidades profesionales con [&hellip;]\" \/>\n<meta property=\"og:url\" content=\"https:\/\/bestveronaguides.it\/es\/quienes-somos\/\" \/>\n<meta property=\"og:site_name\" content=\"Best Verona Guides\" \/>\n<meta property=\"og:image\" content=\"https:\/\/bestveronaguides.it\/media\/chi-siamo-best-verona-guides.jpg\" \/>\n<meta name=\"twitter:card\" content=\"summary_large_image\" \/>\n<meta name=\"twitter:label1\" content=\"Tiempo de lectura\" \/>\n\t<meta name=\"twitter:data1\" content=\"1 minuto\" \/>\n<script type=\"application\/ld+json\" class=\"yoast-schema-graph\">{\"@context\":\"https:\/\/schema.org\",\"@graph\":[{\"@type\":\"WebPage\",\"@id\":\"https:\/\/bestveronaguides.it\/es\/quienes-somos\/\",\"url\":\"https:\/\/bestveronaguides.it\/es\/quienes-somos\/\",\"name\":\"Qui\u00e8nes Somos - Best Verona Guides\",\"isPartOf\":{\"@id\":\"https:\/\/bestveronaguides.it\/es\/#website\"},\"primaryImageOfPage\":{\"@id\":\"https:\/\/bestveronaguides.it\/es\/quienes-somos\/#primaryimage\"},\"image\":{\"@id\":\"https:\/\/bestveronaguides.it\/es\/quienes-somos\/#primaryimage\"},\"thumbnailUrl\":\"https:\/\/bestveronaguides.it\/media\/chi-siamo-best-verona-guides.jpg\",\"datePublished\":\"2024-04-02T09:35:27+00:00\",\"breadcrumb\":{\"@id\":\"https:\/\/bestveronaguides.it\/es\/quienes-somos\/#breadcrumb\"},\"inLanguage\":\"es\",\"potentialAction\":[{\"@type\":\"ReadAction\",\"target\":[\"https:\/\/bestveronaguides.it\/es\/quienes-somos\/\"]}]},{\"@type\":\"ImageObject\",\"inLanguage\":\"es\",\"@id\":\"https:\/\/bestveronaguides.it\/es\/quienes-somos\/#primaryimage\",\"url\":\"https:\/\/bestveronaguides.it\/media\/chi-siamo-best-verona-guides.jpg\",\"contentUrl\":\"https:\/\/bestveronaguides.it\/media\/chi-siamo-best-verona-guides.jpg\"},{\"@type\":\"BreadcrumbList\",\"@id\":\"https:\/\/bestveronaguides.it\/es\/quienes-somos\/#breadcrumb\",\"itemListElement\":[{\"@type\":\"ListItem\",\"position\":1,\"name\":\"Home\",\"item\":\"https:\/\/bestveronaguides.it\/es\/\"},{\"@type\":\"ListItem\",\"position\":2,\"name\":\"Qui\u00e8nes Somos\"}]},{\"@type\":\"WebSite\",\"@id\":\"https:\/\/bestveronaguides.it\/es\/#website\",\"url\":\"https:\/\/bestveronaguides.it\/es\/\",\"name\":\"Best Verona Guides\",\"description\":\"La tua guida in un attimo\",\"publisher\":{\"@id\":\"https:\/\/bestveronaguides.it\/es\/#organization\"},\"potentialAction\":[{\"@type\":\"SearchAction\",\"target\":{\"@type\":\"EntryPoint\",\"urlTemplate\":\"https:\/\/bestveronaguides.it\/es\/?s={search_term_string}\"},\"query-input\":{\"@type\":\"PropertyValueSpecification\",\"valueRequired\":true,\"valueName\":\"search_term_string\"}}],\"inLanguage\":\"es\"},{\"@type\":\"Organization\",\"@id\":\"https:\/\/bestveronaguides.it\/es\/#organization\",\"name\":\"Associazione Assoguide Verona\",\"url\":\"https:\/\/bestveronaguides.it\/es\/\",\"logo\":{\"@type\":\"ImageObject\",\"inLanguage\":\"es\",\"@id\":\"https:\/\/bestveronaguides.it\/es\/#\/schema\/logo\/image\/\",\"url\":\"https:\/\/bestveronaguides.it\/media\/logo.png\",\"contentUrl\":\"https:\/\/bestveronaguides.it\/media\/logo.png\",\"width\":444,\"height\":237,\"caption\":\"Associazione Assoguide Verona\"},\"image\":{\"@id\":\"https:\/\/bestveronaguides.it\/es\/#\/schema\/logo\/image\/\"}}]}<\/script>\n<!-- \/ Yoast SEO plugin. -->","yoast_head_json":{"title":"Qui\u00e8nes Somos - Best Verona Guides","robots":{"index":"index","follow":"follow","max-snippet":"max-snippet:-1","max-image-preview":"max-image-preview:large","max-video-preview":"max-video-preview:-1"},"canonical":"https:\/\/bestveronaguides.it\/es\/quienes-somos\/","og_locale":"es_ES","og_type":"article","og_title":"Qui\u00e8nes Somos - Best Verona Guides","og_description":"Los mejores profesionales para visitar Verona Nos presentamos Best Verona Guides es una marca registrada que nace del deseo de reunir gu\u00edas tur\u00edsticos locales, independientes, calificados y altamente profesionales en Verona. Los gu\u00edas que pertenecen al circuito est\u00e1n en continua capacitaci\u00f3n y actualizaci\u00f3n. Visi\u00f3n La visi\u00f3n de Best Verona Guides combina las habilidades profesionales con [&hellip;]","og_url":"https:\/\/bestveronaguides.it\/es\/quienes-somos\/","og_site_name":"Best Verona Guides","og_image":[{"url":"https:\/\/bestveronaguides.it\/media\/chi-siamo-best-verona-guides.jpg","type":"","width":"","height":""}],"twitter_card":"summary_large_image","twitter_misc":{"Tiempo de lectura":"1 minuto"},"schema":{"@context":"https:\/\/schema.org","@graph":[{"@type":"WebPage","@id":"https:\/\/bestveronaguides.it\/es\/quienes-somos\/","url":"https:\/\/bestveronaguides.it\/es\/quienes-somos\/","name":"Qui\u00e8nes Somos - Best Verona Guides","isPartOf":{"@id":"https:\/\/bestveronaguides.it\/es\/#website"},"primaryImageOfPage":{"@id":"https:\/\/bestveronaguides.it\/es\/quienes-somos\/#primaryimage"},"image":{"@id":"https:\/\/bestveronaguides.it\/es\/quienes-somos\/#primaryimage"},"thumbnailUrl":"https:\/\/bestveronaguides.it\/media\/chi-siamo-best-verona-guides.jpg","datePublished":"2024-04-02T09:35:27+00:00","breadcrumb":{"@id":"https:\/\/bestveronaguides.it\/es\/quienes-somos\/#breadcrumb"},"inLanguage":"es","potentialAction":[{"@type":"ReadAction","target":["https:\/\/bestveronaguides.it\/es\/quienes-somos\/"]}]},{"@type":"ImageObject","inLanguage":"es","@id":"https:\/\/bestveronaguides.it\/es\/quienes-somos\/#primaryimage","url":"https:\/\/bestveronaguides.it\/media\/chi-siamo-best-verona-guides.jpg","contentUrl":"https:\/\/bestveronaguides.it\/media\/chi-siamo-best-verona-guides.jpg"},{"@type":"BreadcrumbList","@id":"https:\/\/bestveronaguides.it\/es\/quienes-somos\/#breadcrumb","itemListElement":[{"@type":"ListItem","position":1,"name":"Home","item":"https:\/\/bestveronaguides.it\/es\/"},{"@type":"ListItem","position":2,"name":"Qui\u00e8nes Somos"}]},{"@type":"WebSite","@id":"https:\/\/bestveronaguides.it\/es\/#website","url":"https:\/\/bestveronaguides.it\/es\/","name":"Best Verona Guides","description":"La tua guida in un attimo","publisher":{"@id":"https:\/\/bestveronaguides.it\/es\/#organization"},"potentialAction":[{"@type":"SearchAction","target":{"@type":"EntryPoint","urlTemplate":"https:\/\/bestveronaguides.it\/es\/?s={search_term_string}"},"query-input":{"@type":"PropertyValueSpecification","valueRequired":true,"valueName":"search_term_string"}}],"inLanguage":"es"},{"@type":"Organization","@id":"https:\/\/bestveronaguides.it\/es\/#organization","name":"Associazione Assoguide Verona","url":"https:\/\/bestveronaguides.it\/es\/","logo":{"@type":"ImageObject","inLanguage":"es","@id":"https:\/\/bestveronaguides.it\/es\/#\/schema\/logo\/image\/","url":"https:\/\/bestveronaguides.it\/media\/logo.png","contentUrl":"https:\/\/bestveronaguides.it\/media\/logo.png","width":444,"height":237,"caption":"Associazione Assoguide Verona"},"image":{"@id":"https:\/\/bestveronaguides.it\/es\/#\/schema\/logo\/image\/"}}]}},"_links":{"self":[{"href":"https:\/\/bestveronaguides.it\/es\/wp-json\/wp\/v2\/pages\/2527","targetHints":{"allow":["GET"]}}],"collection":[{"href":"https:\/\/bestveronaguides.it\/es\/wp-json\/wp\/v2\/pages"}],"about":[{"href":"https:\/\/bestveronaguides.it\/es\/wp-json\/wp\/v2\/types\/page"}],"author":[{"embeddable":true,"href":"https:\/\/bestveronaguides.it\/es\/wp-json\/wp\/v2\/users\/7"}],"replies":[{"embeddable":true,"href":"https:\/\/bestveronaguides.it\/es\/wp-json\/wp\/v2\/comments?post=2527"}],"version-history":[{"count":0,"href":"https:\/\/bestveronaguides.it\/es\/wp-json\/wp\/v2\/pages\/2527\/revisions"}],"wp:attachment":[{"href":"https:\/\/bestveronaguides.it\/es\/wp-json\/wp\/v2\/media?parent=2527"}],"curies":[{"name":"wp","href":"https:\/\/api.w.org\/{rel}","templated":true}]}}