{"id":2912,"date":"2026-04-28T15:05:47","date_gmt":"2026-04-28T13:05:47","guid":{"rendered":"https:\/\/bestveronaguides.it\/verona-zum-ersten-mal\/"},"modified":"2026-04-28T16:30:13","modified_gmt":"2026-04-28T14:30:13","slug":"verona-zum-ersten-mal","status":"publish","type":"page","link":"https:\/\/bestveronaguides.it\/de\/verona-zum-ersten-mal\/","title":{"rendered":"Verona zum ersten Mal"},"content":{"rendered":"\t\t<div data-elementor-type=\"wp-page\" data-elementor-id=\"2912\" class=\"elementor elementor-2912 elementor-2897\" data-elementor-post-type=\"page\">\n\t\t\t\t\t\t<section class=\"elementor-section elementor-top-section elementor-element elementor-element-886e5e2 elementor-section-full_width elementor-section-height-default elementor-section-height-default\" data-id=\"886e5e2\" data-element_type=\"section\" data-e-type=\"section\">\n\t\t\t\t\t\t<div class=\"elementor-container elementor-column-gap-default\">\n\t\t\t\t\t<div class=\"elementor-column elementor-col-100 elementor-top-column elementor-element elementor-element-21e63bd\" data-id=\"21e63bd\" data-element_type=\"column\" data-e-type=\"column\">\n\t\t\t<div class=\"elementor-widget-wrap elementor-element-populated\">\n\t\t\t\t\t\t<div class=\"elementor-element elementor-element-64344b9 elementor-widget elementor-widget-image\" data-id=\"64344b9\" data-element_type=\"widget\" data-e-type=\"widget\" data-widget_type=\"image.default\">\n\t\t\t\t<div class=\"elementor-widget-container\">\n\t\t\t\t\t\t\t\t\t\t\t\t\t\t\t<img fetchpriority=\"high\" decoding=\"async\" width=\"1920\" height=\"621\" src=\"https:\/\/bestveronaguides.it\/media\/verona-per-la-prima-volta.jpg\" class=\"attachment-full size-full wp-image-2902\" alt=\"Verona per la prima volta\" srcset=\"https:\/\/bestveronaguides.it\/media\/verona-per-la-prima-volta.jpg 1920w, https:\/\/bestveronaguides.it\/media\/verona-per-la-prima-volta-500x162.jpg 500w, https:\/\/bestveronaguides.it\/media\/verona-per-la-prima-volta-1024x331.jpg 1024w, https:\/\/bestveronaguides.it\/media\/verona-per-la-prima-volta-768x248.jpg 768w, https:\/\/bestveronaguides.it\/media\/verona-per-la-prima-volta-1536x497.jpg 1536w\" sizes=\"(max-width: 1920px) 100vw, 1920px\" \/>\t\t\t\t\t\t\t\t\t\t\t\t\t\t\t<\/div>\n\t\t\t\t<\/div>\n\t\t\t\t\t<\/div>\n\t\t<\/div>\n\t\t\t\t\t<\/div>\n\t\t<\/section>\n\t\t\t\t<section class=\"elementor-section elementor-top-section elementor-element elementor-element-b79a275 elementor-section-boxed elementor-section-height-default elementor-section-height-default\" data-id=\"b79a275\" data-element_type=\"section\" data-e-type=\"section\">\n\t\t\t\t\t\t<div class=\"elementor-container elementor-column-gap-default\">\n\t\t\t\t\t<div class=\"elementor-column elementor-col-100 elementor-top-column elementor-element elementor-element-15f078d\" data-id=\"15f078d\" data-element_type=\"column\" data-e-type=\"column\">\n\t\t\t<div class=\"elementor-widget-wrap elementor-element-populated\">\n\t\t\t\t\t\t<div class=\"elementor-element elementor-element-c4ca00c elementor-widget elementor-widget-heading\" data-id=\"c4ca00c\" data-element_type=\"widget\" data-e-type=\"widget\" data-widget_type=\"heading.default\">\n\t\t\t\t<div class=\"elementor-widget-container\">\n\t\t\t\t\t<h1 class=\"elementor-heading-title elementor-size-default\">Verona zum ersten Mal<\/h1>\t\t\t\t<\/div>\n\t\t\t\t<\/div>\n\t\t\t\t<div class=\"elementor-element elementor-element-576aced elementor-widget elementor-widget-text-editor\" data-id=\"576aced\" data-element_type=\"widget\" data-e-type=\"widget\" data-widget_type=\"text-editor.default\">\n\t\t\t\t<div class=\"elementor-widget-container\">\n\t\t\t\t\t\t\t\t\t<p>Wenn Sie Ve-rona zum ersten Mal \u201ekennen-lernen\u201c m\u00f6ch-ten oder Ihr letzter Besuch schon lange her ist, bietet Ihnen diese Web-Seite einen ersten \u00dcberblick \u00fcber die Stadt und ihre Sch\u00f6nheiten.<br \/>\r\nSie finden wertvolle In-formationen f\u00fcr einen \u201eklassischen\u201c Besuch in Ve-rona, d. h. eine Tour, bei der Sie die Stadt \u00fcber ihre drei Hauptpl\u00e4tze entdecken k\u00f6nnen: Piaz-za Bra\u2018, dom-iniert von der Arena, Piazza delle Erbe mit ihren alten mittelalterli-chen H\u00e4usern und die an-grenzende Piazza dei Si-gnori mit ih-ren Innen-h\u00f6fen, zin-nenbewehrten Geb\u00e4uden und hohen T\u00fcrmen.<\/p>\t\t\t\t\t\t\t\t<\/div>\n\t\t\t\t<\/div>\n\t\t\t\t\t<\/div>\n\t\t<\/div>\n\t\t\t\t\t<\/div>\n\t\t<\/section>\n\t\t\t\t<section class=\"elementor-section elementor-top-section elementor-element elementor-element-8acc34d elementor-section-boxed elementor-section-height-default elementor-section-height-default\" data-id=\"8acc34d\" data-element_type=\"section\" data-e-type=\"section\" data-settings=\"{&quot;background_background&quot;:&quot;classic&quot;}\">\n\t\t\t\t\t\t<div class=\"elementor-container elementor-column-gap-default\">\n\t\t\t\t\t<div class=\"elementor-column elementor-col-100 elementor-top-column elementor-element elementor-element-1243e79\" data-id=\"1243e79\" data-element_type=\"column\" data-e-type=\"column\">\n\t\t\t<div class=\"elementor-widget-wrap elementor-element-populated\">\n\t\t\t\t\t\t<div class=\"elementor-element elementor-element-c0b24ab elementor-arrows-position-inside elementor-widget elementor-widget-loop-carousel\" data-id=\"c0b24ab\" data-element_type=\"widget\" data-e-type=\"widget\" data-settings=\"{&quot;template_id&quot;:2918,&quot;offset_sides&quot;:&quot;right&quot;,&quot;offset_width&quot;:{&quot;unit&quot;:&quot;px&quot;,&quot;size&quot;:100,&quot;sizes&quot;:[]},&quot;image_spacing_custom&quot;:{&quot;unit&quot;:&quot;px&quot;,&quot;size&quot;:30,&quot;sizes&quot;:[]},&quot;offset_width_mobile&quot;:{&quot;unit&quot;:&quot;px&quot;,&quot;size&quot;:100,&quot;sizes&quot;:[]},&quot;_skin&quot;:&quot;post&quot;,&quot;slides_to_show&quot;:&quot;3&quot;,&quot;slides_to_show_tablet&quot;:&quot;2&quot;,&quot;slides_to_show_mobile&quot;:&quot;1&quot;,&quot;slides_to_scroll&quot;:&quot;1&quot;,&quot;edit_handle_selector&quot;:&quot;.elementor-widget-container&quot;,&quot;autoplay&quot;:&quot;yes&quot;,&quot;autoplay_speed&quot;:5000,&quot;pause_on_hover&quot;:&quot;yes&quot;,&quot;pause_on_interaction&quot;:&quot;yes&quot;,&quot;infinite&quot;:&quot;yes&quot;,&quot;speed&quot;:500,&quot;offset_width_tablet&quot;:{&quot;unit&quot;:&quot;px&quot;,&quot;size&quot;:&quot;&quot;,&quot;sizes&quot;:[]},&quot;arrows&quot;:&quot;yes&quot;,&quot;image_spacing_custom_tablet&quot;:{&quot;unit&quot;:&quot;px&quot;,&quot;size&quot;:&quot;&quot;,&quot;sizes&quot;:[]},&quot;image_spacing_custom_mobile&quot;:{&quot;unit&quot;:&quot;px&quot;,&quot;size&quot;:&quot;&quot;,&quot;sizes&quot;:[]}}\" data-widget_type=\"loop-carousel.post\">\n\t\t\t\t<div class=\"elementor-widget-container\">\n\t\t\t\t\t\t\t<div class=\"e-loop-nothing-found-message\">\n\t\t<\/div>\n\t\t\t\t\t\t<\/div>\n\t\t\t\t<\/div>\n\t\t\t\t\t<\/div>\n\t\t<\/div>\n\t\t\t\t\t<\/div>\n\t\t<\/section>\n\t\t\t\t<\/div>\n\t\t","protected":false},"excerpt":{"rendered":"<p>Verona zum ersten Mal Wenn Sie Ve-rona zum ersten Mal \u201ekennen-lernen\u201c m\u00f6ch-ten oder Ihr letzter Besuch schon lange her ist, bietet Ihnen diese Web-Seite einen ersten \u00dcberblick \u00fcber die Stadt und ihre Sch\u00f6nheiten. Sie finden wertvolle In-formationen f\u00fcr einen \u201eklassischen\u201c Besuch in Ve-rona, d. h. eine Tour, bei der Sie die Stadt \u00fcber ihre drei [&hellip;]<\/p>\n","protected":false},"author":1,"featured_media":0,"parent":0,"menu_order":0,"comment_status":"closed","ping_status":"closed","template":"","meta":{"footnotes":""},"class_list":["post-2912","page","type-page","status-publish","hentry"],"yoast_head":"<!-- This site is optimized with the Yoast SEO plugin v27.5 - https:\/\/yoast.com\/product\/yoast-seo-wordpress\/ -->\n<title>Verona zum ersten Mal - Best Verona Guides<\/title>\n<meta name=\"robots\" content=\"index, follow, max-snippet:-1, max-image-preview:large, max-video-preview:-1\" \/>\n<link rel=\"canonical\" href=\"https:\/\/bestveronaguides.it\/de\/verona-zum-ersten-mal\/\" \/>\n<meta property=\"og:locale\" content=\"de_DE\" \/>\n<meta property=\"og:type\" content=\"article\" \/>\n<meta property=\"og:title\" content=\"Verona zum ersten Mal - Best Verona Guides\" \/>\n<meta property=\"og:description\" content=\"Verona zum ersten Mal Wenn Sie Ve-rona zum ersten Mal \u201ekennen-lernen\u201c m\u00f6ch-ten oder Ihr letzter Besuch schon lange her ist, bietet Ihnen diese Web-Seite einen ersten \u00dcberblick \u00fcber die Stadt und ihre Sch\u00f6nheiten. Sie finden wertvolle In-formationen f\u00fcr einen \u201eklassischen\u201c Besuch in Ve-rona, d. h. eine Tour, bei der Sie die Stadt \u00fcber ihre drei [&hellip;]\" \/>\n<meta property=\"og:url\" content=\"https:\/\/bestveronaguides.it\/de\/verona-zum-ersten-mal\/\" \/>\n<meta property=\"og:site_name\" content=\"Best Verona Guides\" \/>\n<meta property=\"article:modified_time\" content=\"2026-04-28T14:30:13+00:00\" \/>\n<meta property=\"og:image\" content=\"https:\/\/bestveronaguides.it\/media\/verona-per-la-prima-volta.jpg\" \/>\n\t<meta property=\"og:image:width\" content=\"1920\" \/>\n\t<meta property=\"og:image:height\" content=\"621\" \/>\n\t<meta property=\"og:image:type\" content=\"image\/jpeg\" \/>\n<meta name=\"twitter:card\" content=\"summary_large_image\" \/>\n<script type=\"application\/ld+json\" class=\"yoast-schema-graph\">{\"@context\":\"https:\\\/\\\/schema.org\",\"@graph\":[{\"@type\":\"WebPage\",\"@id\":\"https:\\\/\\\/bestveronaguides.it\\\/de\\\/verona-zum-ersten-mal\\\/\",\"url\":\"https:\\\/\\\/bestveronaguides.it\\\/de\\\/verona-zum-ersten-mal\\\/\",\"name\":\"Verona zum ersten Mal - Best Verona Guides\",\"isPartOf\":{\"@id\":\"https:\\\/\\\/bestveronaguides.it\\\/de\\\/#website\"},\"primaryImageOfPage\":{\"@id\":\"https:\\\/\\\/bestveronaguides.it\\\/de\\\/verona-zum-ersten-mal\\\/#primaryimage\"},\"image\":{\"@id\":\"https:\\\/\\\/bestveronaguides.it\\\/de\\\/verona-zum-ersten-mal\\\/#primaryimage\"},\"thumbnailUrl\":\"https:\\\/\\\/bestveronaguides.it\\\/media\\\/verona-per-la-prima-volta.jpg\",\"datePublished\":\"2026-04-28T13:05:47+00:00\",\"dateModified\":\"2026-04-28T14:30:13+00:00\",\"breadcrumb\":{\"@id\":\"https:\\\/\\\/bestveronaguides.it\\\/de\\\/verona-zum-ersten-mal\\\/#breadcrumb\"},\"inLanguage\":\"de\",\"potentialAction\":[{\"@type\":\"ReadAction\",\"target\":[\"https:\\\/\\\/bestveronaguides.it\\\/de\\\/verona-zum-ersten-mal\\\/\"]}]},{\"@type\":\"ImageObject\",\"inLanguage\":\"de\",\"@id\":\"https:\\\/\\\/bestveronaguides.it\\\/de\\\/verona-zum-ersten-mal\\\/#primaryimage\",\"url\":\"https:\\\/\\\/bestveronaguides.it\\\/media\\\/verona-per-la-prima-volta.jpg\",\"contentUrl\":\"https:\\\/\\\/bestveronaguides.it\\\/media\\\/verona-per-la-prima-volta.jpg\"},{\"@type\":\"BreadcrumbList\",\"@id\":\"https:\\\/\\\/bestveronaguides.it\\\/de\\\/verona-zum-ersten-mal\\\/#breadcrumb\",\"itemListElement\":[{\"@type\":\"ListItem\",\"position\":1,\"name\":\"Home\",\"item\":\"https:\\\/\\\/bestveronaguides.it\\\/de\\\/\"},{\"@type\":\"ListItem\",\"position\":2,\"name\":\"Verona zum ersten Mal\"}]},{\"@type\":\"WebSite\",\"@id\":\"https:\\\/\\\/bestveronaguides.it\\\/de\\\/#website\",\"url\":\"https:\\\/\\\/bestveronaguides.it\\\/de\\\/\",\"name\":\"Best Verona Guides\",\"description\":\"La tua guida in un attimo\",\"publisher\":{\"@id\":\"https:\\\/\\\/bestveronaguides.it\\\/de\\\/#organization\"},\"potentialAction\":[{\"@type\":\"SearchAction\",\"target\":{\"@type\":\"EntryPoint\",\"urlTemplate\":\"https:\\\/\\\/bestveronaguides.it\\\/de\\\/?s={search_term_string}\"},\"query-input\":{\"@type\":\"PropertyValueSpecification\",\"valueRequired\":true,\"valueName\":\"search_term_string\"}}],\"inLanguage\":\"de\"},{\"@type\":\"Organization\",\"@id\":\"https:\\\/\\\/bestveronaguides.it\\\/de\\\/#organization\",\"name\":\"Associazione Assoguide Verona\",\"url\":\"https:\\\/\\\/bestveronaguides.it\\\/de\\\/\",\"logo\":{\"@type\":\"ImageObject\",\"inLanguage\":\"de\",\"@id\":\"https:\\\/\\\/bestveronaguides.it\\\/de\\\/#\\\/schema\\\/logo\\\/image\\\/\",\"url\":\"https:\\\/\\\/bestveronaguides.it\\\/media\\\/logo.png\",\"contentUrl\":\"https:\\\/\\\/bestveronaguides.it\\\/media\\\/logo.png\",\"width\":444,\"height\":237,\"caption\":\"Associazione Assoguide Verona\"},\"image\":{\"@id\":\"https:\\\/\\\/bestveronaguides.it\\\/de\\\/#\\\/schema\\\/logo\\\/image\\\/\"}}]}<\/script>\n<!-- \/ Yoast SEO plugin. -->","yoast_head_json":{"title":"Verona zum ersten Mal - Best Verona Guides","robots":{"index":"index","follow":"follow","max-snippet":"max-snippet:-1","max-image-preview":"max-image-preview:large","max-video-preview":"max-video-preview:-1"},"canonical":"https:\/\/bestveronaguides.it\/de\/verona-zum-ersten-mal\/","og_locale":"de_DE","og_type":"article","og_title":"Verona zum ersten Mal - Best Verona Guides","og_description":"Verona zum ersten Mal Wenn Sie Ve-rona zum ersten Mal \u201ekennen-lernen\u201c m\u00f6ch-ten oder Ihr letzter Besuch schon lange her ist, bietet Ihnen diese Web-Seite einen ersten \u00dcberblick \u00fcber die Stadt und ihre Sch\u00f6nheiten. Sie finden wertvolle In-formationen f\u00fcr einen \u201eklassischen\u201c Besuch in Ve-rona, d. h. eine Tour, bei der Sie die Stadt \u00fcber ihre drei [&hellip;]","og_url":"https:\/\/bestveronaguides.it\/de\/verona-zum-ersten-mal\/","og_site_name":"Best Verona Guides","article_modified_time":"2026-04-28T14:30:13+00:00","og_image":[{"width":1920,"height":621,"url":"https:\/\/bestveronaguides.it\/media\/verona-per-la-prima-volta.jpg","type":"image\/jpeg"}],"twitter_card":"summary_large_image","schema":{"@context":"https:\/\/schema.org","@graph":[{"@type":"WebPage","@id":"https:\/\/bestveronaguides.it\/de\/verona-zum-ersten-mal\/","url":"https:\/\/bestveronaguides.it\/de\/verona-zum-ersten-mal\/","name":"Verona zum ersten Mal - Best Verona Guides","isPartOf":{"@id":"https:\/\/bestveronaguides.it\/de\/#website"},"primaryImageOfPage":{"@id":"https:\/\/bestveronaguides.it\/de\/verona-zum-ersten-mal\/#primaryimage"},"image":{"@id":"https:\/\/bestveronaguides.it\/de\/verona-zum-ersten-mal\/#primaryimage"},"thumbnailUrl":"https:\/\/bestveronaguides.it\/media\/verona-per-la-prima-volta.jpg","datePublished":"2026-04-28T13:05:47+00:00","dateModified":"2026-04-28T14:30:13+00:00","breadcrumb":{"@id":"https:\/\/bestveronaguides.it\/de\/verona-zum-ersten-mal\/#breadcrumb"},"inLanguage":"de","potentialAction":[{"@type":"ReadAction","target":["https:\/\/bestveronaguides.it\/de\/verona-zum-ersten-mal\/"]}]},{"@type":"ImageObject","inLanguage":"de","@id":"https:\/\/bestveronaguides.it\/de\/verona-zum-ersten-mal\/#primaryimage","url":"https:\/\/bestveronaguides.it\/media\/verona-per-la-prima-volta.jpg","contentUrl":"https:\/\/bestveronaguides.it\/media\/verona-per-la-prima-volta.jpg"},{"@type":"BreadcrumbList","@id":"https:\/\/bestveronaguides.it\/de\/verona-zum-ersten-mal\/#breadcrumb","itemListElement":[{"@type":"ListItem","position":1,"name":"Home","item":"https:\/\/bestveronaguides.it\/de\/"},{"@type":"ListItem","position":2,"name":"Verona zum ersten Mal"}]},{"@type":"WebSite","@id":"https:\/\/bestveronaguides.it\/de\/#website","url":"https:\/\/bestveronaguides.it\/de\/","name":"Best Verona Guides","description":"La tua guida in un attimo","publisher":{"@id":"https:\/\/bestveronaguides.it\/de\/#organization"},"potentialAction":[{"@type":"SearchAction","target":{"@type":"EntryPoint","urlTemplate":"https:\/\/bestveronaguides.it\/de\/?s={search_term_string}"},"query-input":{"@type":"PropertyValueSpecification","valueRequired":true,"valueName":"search_term_string"}}],"inLanguage":"de"},{"@type":"Organization","@id":"https:\/\/bestveronaguides.it\/de\/#organization","name":"Associazione Assoguide Verona","url":"https:\/\/bestveronaguides.it\/de\/","logo":{"@type":"ImageObject","inLanguage":"de","@id":"https:\/\/bestveronaguides.it\/de\/#\/schema\/logo\/image\/","url":"https:\/\/bestveronaguides.it\/media\/logo.png","contentUrl":"https:\/\/bestveronaguides.it\/media\/logo.png","width":444,"height":237,"caption":"Associazione Assoguide Verona"},"image":{"@id":"https:\/\/bestveronaguides.it\/de\/#\/schema\/logo\/image\/"}}]}},"_links":{"self":[{"href":"https:\/\/bestveronaguides.it\/de\/wp-json\/wp\/v2\/pages\/2912","targetHints":{"allow":["GET"]}}],"collection":[{"href":"https:\/\/bestveronaguides.it\/de\/wp-json\/wp\/v2\/pages"}],"about":[{"href":"https:\/\/bestveronaguides.it\/de\/wp-json\/wp\/v2\/types\/page"}],"author":[{"embeddable":true,"href":"https:\/\/bestveronaguides.it\/de\/wp-json\/wp\/v2\/users\/1"}],"replies":[{"embeddable":true,"href":"https:\/\/bestveronaguides.it\/de\/wp-json\/wp\/v2\/comments?post=2912"}],"version-history":[{"count":0,"href":"https:\/\/bestveronaguides.it\/de\/wp-json\/wp\/v2\/pages\/2912\/revisions"}],"wp:attachment":[{"href":"https:\/\/bestveronaguides.it\/de\/wp-json\/wp\/v2\/media?parent=2912"}],"curies":[{"name":"wp","href":"https:\/\/api.w.org\/{rel}","templated":true}]}}