{"id":2495,"date":"2024-03-04T11:30:18","date_gmt":"2024-03-04T10:30:18","guid":{"rendered":"https:\/\/bestveronaguides.it\/alle-fuehrer\/"},"modified":"2024-03-04T11:34:51","modified_gmt":"2024-03-04T10:34:51","slug":"alle-fuehrer","status":"publish","type":"page","link":"https:\/\/bestveronaguides.it\/de\/alle-fuehrer\/","title":{"rendered":"Alle F\u00fchrer"},"content":{"rendered":"\t\t<div data-elementor-type=\"wp-page\" data-elementor-id=\"2495\" class=\"elementor elementor-2495 elementor-168\" data-elementor-post-type=\"page\">\n\t\t\t\t\t\t<section class=\"elementor-section elementor-top-section elementor-element elementor-element-b925ca0 elementor-section-full_width elementor-section-height-default elementor-section-height-default\" data-id=\"b925ca0\" data-element_type=\"section\">\n\t\t\t\t\t\t<div class=\"elementor-container elementor-column-gap-default\">\n\t\t\t\t\t<div class=\"elementor-column elementor-col-100 elementor-top-column elementor-element elementor-element-a8dc69b\" data-id=\"a8dc69b\" data-element_type=\"column\">\n\t\t\t<div class=\"elementor-widget-wrap elementor-element-populated\">\n\t\t\t\t\t\t<div class=\"elementor-element elementor-element-ea8e9af elementor-widget elementor-widget-image\" data-id=\"ea8e9af\" data-element_type=\"widget\" data-widget_type=\"image.default\">\n\t\t\t\t<div class=\"elementor-widget-container\">\n\t\t\t\t\t\t\t\t\t\t\t\t\t\t\t<img fetchpriority=\"high\" decoding=\"async\" width=\"1920\" height=\"933\" src=\"https:\/\/bestveronaguides.it\/media\/2-trova-guida-bvrg-modif.jpg\" class=\"attachment-full size-full wp-image-1819\" alt=\"\" srcset=\"https:\/\/bestveronaguides.it\/media\/2-trova-guida-bvrg-modif.jpg 1920w, https:\/\/bestveronaguides.it\/media\/2-trova-guida-bvrg-modif-500x243.jpg 500w, https:\/\/bestveronaguides.it\/media\/2-trova-guida-bvrg-modif-1024x498.jpg 1024w, https:\/\/bestveronaguides.it\/media\/2-trova-guida-bvrg-modif-768x373.jpg 768w, https:\/\/bestveronaguides.it\/media\/2-trova-guida-bvrg-modif-1536x746.jpg 1536w\" sizes=\"(max-width: 1920px) 100vw, 1920px\" \/>\t\t\t\t\t\t\t\t\t\t\t\t\t\t\t<\/div>\n\t\t\t\t<\/div>\n\t\t\t\t<div class=\"elementor-element elementor-element-69768f4 elementor-widget__width-auto elementor-absolute elementor-widget elementor-widget-heading\" data-id=\"69768f4\" data-element_type=\"widget\" data-settings=\"{&quot;_position&quot;:&quot;absolute&quot;}\" data-widget_type=\"heading.default\">\n\t\t\t\t<div class=\"elementor-widget-container\">\n\t\t\t\t\t<h2 class=\"elementor-heading-title elementor-size-default\">Finden Sie den Fremdenf\u00fchrer, der f\u00fcr Sie geeignet ist.<\/h2>\t\t\t\t<\/div>\n\t\t\t\t<\/div>\n\t\t\t\t\t<\/div>\n\t\t<\/div>\n\t\t\t\t\t<\/div>\n\t\t<\/section>\n\t\t\t\t<section class=\"elementor-section elementor-top-section elementor-element elementor-element-e26267d elementor-section-boxed elementor-section-height-default elementor-section-height-default\" data-id=\"e26267d\" data-element_type=\"section\">\n\t\t\t\t\t\t<div class=\"elementor-container elementor-column-gap-default\">\n\t\t\t\t\t<div class=\"elementor-column elementor-col-100 elementor-top-column elementor-element elementor-element-6bd7c44\" data-id=\"6bd7c44\" data-element_type=\"column\">\n\t\t\t<div class=\"elementor-widget-wrap elementor-element-populated\">\n\t\t\t\t\t\t<div class=\"elementor-element elementor-element-7517bfc elementor-widget elementor-widget-heading\" data-id=\"7517bfc\" data-element_type=\"widget\" data-widget_type=\"heading.default\">\n\t\t\t\t<div class=\"elementor-widget-container\">\n\t\t\t\t\t<h1 class=\"elementor-heading-title elementor-size-default\">Suchen<\/h1>\t\t\t\t<\/div>\n\t\t\t\t<\/div>\n\t\t\t\t<div class=\"elementor-element elementor-element-2b3dbca elementor-widget elementor-widget-text-editor\" data-id=\"2b3dbca\" data-element_type=\"widget\" data-widget_type=\"text-editor.default\">\n\t\t\t\t<div class=\"elementor-widget-container\">\n\t\t\t\t\t\t\t\t\t<p>Bitte Sprache sowie Themen , an den Sie interessiert sind, w\u00e4hlen . Finden Sie den Fremdenf\u00fchrer, der f\u00fcr Sie geeignet ist.<\/p>\n\t\t\t\t\t\t\t\t<\/div>\n\t\t\t\t<\/div>\n\t\t\t\t\t<\/div>\n\t\t<\/div>\n\t\t\t\t\t<\/div>\n\t\t<\/section>\n\t\t\t\t<section class=\"elementor-section elementor-top-section elementor-element elementor-element-96e54c1 elementor-section-full_width elementor-section-height-default elementor-section-height-default\" data-id=\"96e54c1\" data-element_type=\"section\">\n\t\t\t\t\t\t<div class=\"elementor-container elementor-column-gap-default\">\n\t\t\t\t\t<div class=\"elementor-column elementor-col-100 elementor-top-column elementor-element elementor-element-fd8bbff\" data-id=\"fd8bbff\" data-element_type=\"column\">\n\t\t\t<div class=\"elementor-widget-wrap elementor-element-populated\">\n\t\t\t\t\t\t<div class=\"elementor-element elementor-element-e77baf2 elementor-widget elementor-widget-h3customs-search-authors\" data-id=\"e77baf2\" data-element_type=\"widget\" data-widget_type=\"h3customs-search-authors.default\">\n\t\t\t\t<div class=\"elementor-widget-container\">\n\t\t\t\t\t\t\t<div class=\"h3-search-guide\">\n\t\t\t<div class=\"h3-container\">\n\t\t\t\t<div>\n    \t\t\t\t<div class=\"h3-fields\">\n        \t\t\t\t<div class=\"h3-field language\">\n        \t\t\t\t\t<label for=\"h3-language\">Lingua parlata<\/label>\n        \t\t\t\t\t<select id=\"h3-language\">\n        \t\t\t\t\t\t<option value=\"0\">-- Keine Pr\u00e4ferenz --<\/option>\n        \t\t\t\t\t\t<option value=\"it\">Italiano<\/option>\n        \t\t\t\t\t\t<option value=\"en\">English<\/option>\n        \t\t\t\t\t\t<option value=\"fr\">Fran\u00e7ais<\/option>\n        \t\t\t\t\t\t<option value=\"de\">Deutsch<\/option>\n        \t\t\t\t\t\t<option value=\"es\">Espa\u00f1ol<\/option>\n        \t\t\t\t\t\t<option value=\"ru\">\u0440\u0443\u0441\u0441\u043a\u0438\u0439<\/option>\n        \t\t\t\t\t<\/select>\n        \t\t\t\t<\/div>\n        \t\t\t\t<div class=\"h3-field thematic\">\n        \t\t\t\t\t<label for=\"h3-thematic\">Thema<\/label>\n        \t\t\t\t\t<select id=\"h3-thematic\">\n        \t\t\t\t\t\t<option value=\"0\">-- Keine Pr\u00e4ferenz --<\/option>\n        \t\t\t\t\t\t        \t\t\t\t\t\t<option value=\"2690\">Veronetta, das &quot;rive gauche&quot; von Verona<\/option>\n        \t\t\t\t\t\t        \t\t\t\t\t\t<option value=\"2689\">Der Mythos von Romeo und Julia in Verona<\/option>\n        \t\t\t\t\t\t        \t\t\t\t\t\t<option value=\"2688\">Die Stadtmauer von Verona<\/option>\n        \t\t\t\t\t\t        \t\t\t\t\t\t<option value=\"2687\">Verona und die Etsch<\/option>\n        \t\t\t\t\t\t        \t\t\t\t\t\t<option value=\"2686\">Valpolicella und das Gebiet von Soave<\/option>\n        \t\t\t\t\t\t        \t\t\t\t\t\t<option value=\"2685\">Die Oper in Verona<\/option>\n        \t\t\t\t\t\t        \t\t\t\t\t\t<option value=\"2684\">Das Haus Museum Palazzo Maffei<\/option>\n        \t\t\t\t\t\t        \t\t\t\t\t\t<option value=\"2683\">Verona im letzten Jahrhundert<\/option>\n        \t\t\t\t\t\t        \t\t\t\t\t\t<option value=\"2682\">Stadtf\u00fchrungen f\u00fcr Familien, Kinder und Personen mit Behinderungen.<\/option>\n        \t\t\t\t\t\t        \t\t\t\t\t\t<option value=\"2681\">Die Kirchen von Verona und die Orte des Geistes<\/option>\n        \t\t\t\t\t\t        \t\t\t\t\t\t<option value=\"2680\">Der Gardasee<\/option>\n        \t\t\t\t\t\t        \t\t\t\t\t\t<option value=\"2679\">G\u00e4rten und Natur in der Stadt und in der N\u00e4he von Verona<\/option>\n        \t\t\t\t\t\t        \t\t\t\t\t\t<option value=\"2678\">Verona von Napoleonszeit bis zu den Unabh\u00e4ngigkeitskriegen de 19. Jahrhundert<\/option>\n        \t\t\t\t\t\t        \t\t\t\t\t\t<option value=\"2677\">Vierhundert Jahre Regierung der Venezianer<\/option>\n        \t\t\t\t\t\t        \t\t\t\t\t\t<option value=\"2676\">Das goldene Zeitalter Veronas: die Skaligerzeit<\/option>\n        \t\t\t\t\t\t        \t\t\t\t\t\t<option value=\"2672\">Verona zur Zeit des R\u00f6mischen Kaisertums<\/option>\n        \t\t\t\t\t\t        \t\t\t\t\t\t<option value=\"2670\">M\u00e4rkte und Tavernen<\/option>\n        \t\t\t\t\t\t        \t\t\t\t\t\t<option value=\"2647\">Verona zum ersten Mal<\/option>\n        \t\t\t\t\t\t        \t\t\t\t\t<\/select>\n        \t\t\t\t<\/div>\n    \t\t\t\t<\/div>\n    \t\t\t\t<div class=\"h3-submit\">\n        \t\t\t\t<button id=\"h3-do-search\" class=\"btn\">Suche<\/button>\n        \t\t\t<\/div>\n    \t\t\t<\/div>\n\t\t\t<\/div>\n\t\t<\/div>\n\t\t<div class=\"h3-search-results\">\n\t\t\t<div class=\"h3-container\">\n\t\t\t\t<div id=\"h3-results\">\n\t\t\t\t<\/div>\n\t\t\t<\/div>\n\t\t<\/div>\n\t\t\t\t\t<\/div>\n\t\t\t\t<\/div>\n\t\t\t\t\t<\/div>\n\t\t<\/div>\n\t\t\t\t\t<\/div>\n\t\t<\/section>\n\t\t\t\t<\/div>\n\t\t","protected":false},"excerpt":{"rendered":"<p>Finden Sie den Fremdenf\u00fchrer, der f\u00fcr Sie geeignet ist. Suchen Bitte Sprache sowie Themen , an den Sie interessiert sind, w\u00e4hlen . Finden Sie den Fremdenf\u00fchrer, der f\u00fcr Sie geeignet ist. Lingua parlata &#8212; Nessuna Preferenza &#8212;ItalianoEnglishFran\u00e7aisDeutschEspa\u00f1ol\u0440\u0443\u0441\u0441\u043a\u0438\u0439 Tematica &#8212; Nessuna Preferenza &#8212; Cerca<\/p>\n","protected":false},"author":7,"featured_media":0,"parent":0,"menu_order":0,"comment_status":"closed","ping_status":"closed","template":"","meta":{"footnotes":""},"class_list":["post-2495","page","type-page","status-publish","hentry"],"yoast_head":"<!-- This site is optimized with the Yoast SEO plugin v24.7 - https:\/\/yoast.com\/wordpress\/plugins\/seo\/ -->\n<title>Alle F\u00fchrer - Best Verona Guides<\/title>\n<meta name=\"robots\" content=\"index, follow, max-snippet:-1, max-image-preview:large, max-video-preview:-1\" \/>\n<link rel=\"canonical\" href=\"https:\/\/bestveronaguides.it\/de\/alle-fuehrer\/\" \/>\n<meta property=\"og:locale\" content=\"de_DE\" \/>\n<meta property=\"og:type\" content=\"article\" \/>\n<meta property=\"og:title\" content=\"Alle F\u00fchrer - Best Verona Guides\" \/>\n<meta property=\"og:description\" content=\"Finden Sie den Fremdenf\u00fchrer, der f\u00fcr Sie geeignet ist. Suchen Bitte Sprache sowie Themen , an den Sie interessiert sind, w\u00e4hlen . Finden Sie den Fremdenf\u00fchrer, der f\u00fcr Sie geeignet ist. Lingua parlata &#8212; Nessuna Preferenza &#8212;ItalianoEnglishFran\u00e7aisDeutschEspa\u00f1ol\u0440\u0443\u0441\u0441\u043a\u0438\u0439 Tematica &#8212; Nessuna Preferenza &#8212; Cerca\" \/>\n<meta property=\"og:url\" content=\"https:\/\/bestveronaguides.it\/de\/alle-fuehrer\/\" \/>\n<meta property=\"og:site_name\" content=\"Best Verona Guides\" \/>\n<meta property=\"article:modified_time\" content=\"2024-03-04T10:34:51+00:00\" \/>\n<meta property=\"og:image\" content=\"https:\/\/bestveronaguides.it\/media\/2-trova-guida-bvrg-modif.jpg\" \/>\n<meta name=\"twitter:card\" content=\"summary_large_image\" \/>\n<script type=\"application\/ld+json\" class=\"yoast-schema-graph\">{\"@context\":\"https:\/\/schema.org\",\"@graph\":[{\"@type\":\"WebPage\",\"@id\":\"https:\/\/bestveronaguides.it\/de\/alle-fuehrer\/\",\"url\":\"https:\/\/bestveronaguides.it\/de\/alle-fuehrer\/\",\"name\":\"Alle F\u00fchrer - Best Verona Guides\",\"isPartOf\":{\"@id\":\"https:\/\/bestveronaguides.it\/de\/#website\"},\"primaryImageOfPage\":{\"@id\":\"https:\/\/bestveronaguides.it\/de\/alle-fuehrer\/#primaryimage\"},\"image\":{\"@id\":\"https:\/\/bestveronaguides.it\/de\/alle-fuehrer\/#primaryimage\"},\"thumbnailUrl\":\"https:\/\/bestveronaguides.it\/media\/2-trova-guida-bvrg-modif.jpg\",\"datePublished\":\"2024-03-04T10:30:18+00:00\",\"dateModified\":\"2024-03-04T10:34:51+00:00\",\"breadcrumb\":{\"@id\":\"https:\/\/bestveronaguides.it\/de\/alle-fuehrer\/#breadcrumb\"},\"inLanguage\":\"de\",\"potentialAction\":[{\"@type\":\"ReadAction\",\"target\":[\"https:\/\/bestveronaguides.it\/de\/alle-fuehrer\/\"]}]},{\"@type\":\"ImageObject\",\"inLanguage\":\"de\",\"@id\":\"https:\/\/bestveronaguides.it\/de\/alle-fuehrer\/#primaryimage\",\"url\":\"https:\/\/bestveronaguides.it\/media\/2-trova-guida-bvrg-modif.jpg\",\"contentUrl\":\"https:\/\/bestveronaguides.it\/media\/2-trova-guida-bvrg-modif.jpg\"},{\"@type\":\"BreadcrumbList\",\"@id\":\"https:\/\/bestveronaguides.it\/de\/alle-fuehrer\/#breadcrumb\",\"itemListElement\":[{\"@type\":\"ListItem\",\"position\":1,\"name\":\"Home\",\"item\":\"https:\/\/bestveronaguides.it\/de\/\"},{\"@type\":\"ListItem\",\"position\":2,\"name\":\"Alle F\u00fchrer\"}]},{\"@type\":\"WebSite\",\"@id\":\"https:\/\/bestveronaguides.it\/de\/#website\",\"url\":\"https:\/\/bestveronaguides.it\/de\/\",\"name\":\"Best Verona Guides\",\"description\":\"La tua guida in un attimo\",\"publisher\":{\"@id\":\"https:\/\/bestveronaguides.it\/de\/#organization\"},\"potentialAction\":[{\"@type\":\"SearchAction\",\"target\":{\"@type\":\"EntryPoint\",\"urlTemplate\":\"https:\/\/bestveronaguides.it\/de\/?s={search_term_string}\"},\"query-input\":{\"@type\":\"PropertyValueSpecification\",\"valueRequired\":true,\"valueName\":\"search_term_string\"}}],\"inLanguage\":\"de\"},{\"@type\":\"Organization\",\"@id\":\"https:\/\/bestveronaguides.it\/de\/#organization\",\"name\":\"Associazione Assoguide Verona\",\"url\":\"https:\/\/bestveronaguides.it\/de\/\",\"logo\":{\"@type\":\"ImageObject\",\"inLanguage\":\"de\",\"@id\":\"https:\/\/bestveronaguides.it\/de\/#\/schema\/logo\/image\/\",\"url\":\"https:\/\/bestveronaguides.it\/media\/logo.png\",\"contentUrl\":\"https:\/\/bestveronaguides.it\/media\/logo.png\",\"width\":444,\"height\":237,\"caption\":\"Associazione Assoguide Verona\"},\"image\":{\"@id\":\"https:\/\/bestveronaguides.it\/de\/#\/schema\/logo\/image\/\"}}]}<\/script>\n<!-- \/ Yoast SEO plugin. -->","yoast_head_json":{"title":"Alle F\u00fchrer - Best Verona Guides","robots":{"index":"index","follow":"follow","max-snippet":"max-snippet:-1","max-image-preview":"max-image-preview:large","max-video-preview":"max-video-preview:-1"},"canonical":"https:\/\/bestveronaguides.it\/de\/alle-fuehrer\/","og_locale":"de_DE","og_type":"article","og_title":"Alle F\u00fchrer - Best Verona Guides","og_description":"Finden Sie den Fremdenf\u00fchrer, der f\u00fcr Sie geeignet ist. Suchen Bitte Sprache sowie Themen , an den Sie interessiert sind, w\u00e4hlen . Finden Sie den Fremdenf\u00fchrer, der f\u00fcr Sie geeignet ist. Lingua parlata &#8212; Nessuna Preferenza &#8212;ItalianoEnglishFran\u00e7aisDeutschEspa\u00f1ol\u0440\u0443\u0441\u0441\u043a\u0438\u0439 Tematica &#8212; Nessuna Preferenza &#8212; Cerca","og_url":"https:\/\/bestveronaguides.it\/de\/alle-fuehrer\/","og_site_name":"Best Verona Guides","article_modified_time":"2024-03-04T10:34:51+00:00","og_image":[{"url":"https:\/\/bestveronaguides.it\/media\/2-trova-guida-bvrg-modif.jpg","type":"","width":"","height":""}],"twitter_card":"summary_large_image","schema":{"@context":"https:\/\/schema.org","@graph":[{"@type":"WebPage","@id":"https:\/\/bestveronaguides.it\/de\/alle-fuehrer\/","url":"https:\/\/bestveronaguides.it\/de\/alle-fuehrer\/","name":"Alle F\u00fchrer - Best Verona Guides","isPartOf":{"@id":"https:\/\/bestveronaguides.it\/de\/#website"},"primaryImageOfPage":{"@id":"https:\/\/bestveronaguides.it\/de\/alle-fuehrer\/#primaryimage"},"image":{"@id":"https:\/\/bestveronaguides.it\/de\/alle-fuehrer\/#primaryimage"},"thumbnailUrl":"https:\/\/bestveronaguides.it\/media\/2-trova-guida-bvrg-modif.jpg","datePublished":"2024-03-04T10:30:18+00:00","dateModified":"2024-03-04T10:34:51+00:00","breadcrumb":{"@id":"https:\/\/bestveronaguides.it\/de\/alle-fuehrer\/#breadcrumb"},"inLanguage":"de","potentialAction":[{"@type":"ReadAction","target":["https:\/\/bestveronaguides.it\/de\/alle-fuehrer\/"]}]},{"@type":"ImageObject","inLanguage":"de","@id":"https:\/\/bestveronaguides.it\/de\/alle-fuehrer\/#primaryimage","url":"https:\/\/bestveronaguides.it\/media\/2-trova-guida-bvrg-modif.jpg","contentUrl":"https:\/\/bestveronaguides.it\/media\/2-trova-guida-bvrg-modif.jpg"},{"@type":"BreadcrumbList","@id":"https:\/\/bestveronaguides.it\/de\/alle-fuehrer\/#breadcrumb","itemListElement":[{"@type":"ListItem","position":1,"name":"Home","item":"https:\/\/bestveronaguides.it\/de\/"},{"@type":"ListItem","position":2,"name":"Alle F\u00fchrer"}]},{"@type":"WebSite","@id":"https:\/\/bestveronaguides.it\/de\/#website","url":"https:\/\/bestveronaguides.it\/de\/","name":"Best Verona Guides","description":"La tua guida in un attimo","publisher":{"@id":"https:\/\/bestveronaguides.it\/de\/#organization"},"potentialAction":[{"@type":"SearchAction","target":{"@type":"EntryPoint","urlTemplate":"https:\/\/bestveronaguides.it\/de\/?s={search_term_string}"},"query-input":{"@type":"PropertyValueSpecification","valueRequired":true,"valueName":"search_term_string"}}],"inLanguage":"de"},{"@type":"Organization","@id":"https:\/\/bestveronaguides.it\/de\/#organization","name":"Associazione Assoguide Verona","url":"https:\/\/bestveronaguides.it\/de\/","logo":{"@type":"ImageObject","inLanguage":"de","@id":"https:\/\/bestveronaguides.it\/de\/#\/schema\/logo\/image\/","url":"https:\/\/bestveronaguides.it\/media\/logo.png","contentUrl":"https:\/\/bestveronaguides.it\/media\/logo.png","width":444,"height":237,"caption":"Associazione Assoguide Verona"},"image":{"@id":"https:\/\/bestveronaguides.it\/de\/#\/schema\/logo\/image\/"}}]}},"_links":{"self":[{"href":"https:\/\/bestveronaguides.it\/de\/wp-json\/wp\/v2\/pages\/2495","targetHints":{"allow":["GET"]}}],"collection":[{"href":"https:\/\/bestveronaguides.it\/de\/wp-json\/wp\/v2\/pages"}],"about":[{"href":"https:\/\/bestveronaguides.it\/de\/wp-json\/wp\/v2\/types\/page"}],"author":[{"embeddable":true,"href":"https:\/\/bestveronaguides.it\/de\/wp-json\/wp\/v2\/users\/7"}],"replies":[{"embeddable":true,"href":"https:\/\/bestveronaguides.it\/de\/wp-json\/wp\/v2\/comments?post=2495"}],"version-history":[{"count":0,"href":"https:\/\/bestveronaguides.it\/de\/wp-json\/wp\/v2\/pages\/2495\/revisions"}],"wp:attachment":[{"href":"https:\/\/bestveronaguides.it\/de\/wp-json\/wp\/v2\/media?parent=2495"}],"curies":[{"name":"wp","href":"https:\/\/api.w.org\/{rel}","templated":true}]}}