{"id":2493,"date":"2024-03-04T11:28:09","date_gmt":"2024-03-04T10:28:09","guid":{"rendered":"https:\/\/bestveronaguides.it\/wir-stellen-uns-vor\/"},"modified":"2024-03-04T11:28:09","modified_gmt":"2024-03-04T10:28:09","slug":"wir-stellen-uns-vor","status":"publish","type":"page","link":"https:\/\/bestveronaguides.it\/de\/wir-stellen-uns-vor\/","title":{"rendered":"Wir Stellen Uns Vor"},"content":{"rendered":"\t\t<div data-elementor-type=\"wp-page\" data-elementor-id=\"2493\" class=\"elementor elementor-2493 elementor-150\" data-elementor-post-type=\"page\">\n\t\t\t\t\t\t<section class=\"elementor-section elementor-top-section elementor-element elementor-element-99d8d5f elementor-section-full_width elementor-section-height-default elementor-section-height-default\" data-id=\"99d8d5f\" data-element_type=\"section\">\n\t\t\t\t\t\t<div class=\"elementor-container elementor-column-gap-default\">\n\t\t\t\t\t<div class=\"elementor-column elementor-col-100 elementor-top-column elementor-element elementor-element-bc071de\" data-id=\"bc071de\" data-element_type=\"column\">\n\t\t\t<div class=\"elementor-widget-wrap elementor-element-populated\">\n\t\t\t\t\t\t<div class=\"elementor-element elementor-element-1eb1b3d elementor-widget elementor-widget-image\" data-id=\"1eb1b3d\" data-element_type=\"widget\" data-widget_type=\"image.default\">\n\t\t\t\t<div class=\"elementor-widget-container\">\n\t\t\t\t\t\t\t\t\t\t\t\t\t\t\t<img fetchpriority=\"high\" decoding=\"async\" width=\"1920\" height=\"933\" src=\"https:\/\/bestveronaguides.it\/media\/chi-siamo-best-verona-guides.jpg\" class=\"attachment-full size-full wp-image-1802\" alt=\"\" srcset=\"https:\/\/bestveronaguides.it\/media\/chi-siamo-best-verona-guides.jpg 1920w, https:\/\/bestveronaguides.it\/media\/chi-siamo-best-verona-guides-500x243.jpg 500w, https:\/\/bestveronaguides.it\/media\/chi-siamo-best-verona-guides-1024x498.jpg 1024w, https:\/\/bestveronaguides.it\/media\/chi-siamo-best-verona-guides-768x373.jpg 768w, https:\/\/bestveronaguides.it\/media\/chi-siamo-best-verona-guides-1536x746.jpg 1536w\" sizes=\"(max-width: 1920px) 100vw, 1920px\" \/>\t\t\t\t\t\t\t\t\t\t\t\t\t\t\t<\/div>\n\t\t\t\t<\/div>\n\t\t\t\t<div class=\"elementor-element elementor-element-3461d53 elementor-widget__width-auto elementor-absolute elementor-widget elementor-widget-heading\" data-id=\"3461d53\" data-element_type=\"widget\" data-settings=\"{&quot;_position&quot;:&quot;absolute&quot;}\" data-widget_type=\"heading.default\">\n\t\t\t\t<div class=\"elementor-widget-container\">\n\t\t\t\t\t<h2 class=\"elementor-heading-title elementor-size-default\">Die besten Profis in Verona, damit Ihr Besuch ein Erlebnis sein wird<\/h2>\t\t\t\t<\/div>\n\t\t\t\t<\/div>\n\t\t\t\t\t<\/div>\n\t\t<\/div>\n\t\t\t\t\t<\/div>\n\t\t<\/section>\n\t\t\t\t<section class=\"elementor-section elementor-top-section elementor-element elementor-element-b2956dd elementor-section-boxed elementor-section-height-default elementor-section-height-default\" data-id=\"b2956dd\" data-element_type=\"section\">\n\t\t\t\t\t\t<div class=\"elementor-container elementor-column-gap-default\">\n\t\t\t\t\t<div class=\"elementor-column elementor-col-100 elementor-top-column elementor-element elementor-element-3bddf62\" data-id=\"3bddf62\" data-element_type=\"column\">\n\t\t\t<div class=\"elementor-widget-wrap elementor-element-populated\">\n\t\t\t\t\t\t<div class=\"elementor-element elementor-element-972ab62 elementor-widget elementor-widget-heading\" data-id=\"972ab62\" data-element_type=\"widget\" data-widget_type=\"heading.default\">\n\t\t\t\t<div class=\"elementor-widget-container\">\n\t\t\t\t\t<h1 class=\"elementor-heading-title elementor-size-default\">Wir stellen uns vor<\/h1>\t\t\t\t<\/div>\n\t\t\t\t<\/div>\n\t\t\t\t<div class=\"elementor-element elementor-element-2db2a02 elementor-widget elementor-widget-text-editor\" data-id=\"2db2a02\" data-element_type=\"widget\" data-widget_type=\"text-editor.default\">\n\t\t\t\t<div class=\"elementor-widget-container\">\n\t\t\t\t\t\t\t\t\t<p>Best Verona Guides ist eine registrierte Marke und ist entstanden, weil eine Gruppe von unabh\u00e4ngigen, ausgebildeten und professionellen Fremdenf\u00fchrer*innen entschlossen hat, zusammenzubringen.<\/p>\r\n<p>Unsere Guides sind ausgebildet und aktualisieren laufend Ihre eigene Kenntnisse, um ihren Kunden auf Besuch in Verona hochwertige Inhalte anzubieten.<\/p>\r\n<p>Die Gruppe hat seit ihrer Gr\u00fcndung entschlossen, spezifische Eigenschaften zu kombinieren, die eine Stadtbesichtigung zu einer umfassenden, einmaligen und unvergesslichen Erfahrung machen.<\/p>\r\n<p>Das erste Merkmal ist \u00f6rtlich gebunden zu sein, weil unsere Reisef\u00fchrer*innen in Verona leben und der Stadt angeh\u00f6ren.<\/p>\r\n<p>Diese Entscheidung erm\u00f6glicht uns, einen Gesichtspunkt vom inneren und eine v\u00f6llige Kenntnis der Innen- und der Vorstadt anzubieten, um eine erfolgreiche und zeitgem\u00e4\u00dfe Besichtigung zu gew\u00e4hrleisten.<\/p>\r\n<p>Neben dem Merkmal, \u00f6rtlich gebunden zu sein, sind unsere Guides viel gereist und dieses wertvolle Kennzeichen unserer Mitgliedern macht jede F\u00fchrung zu einem ganz besonderen Erlebnis.<\/p>\r\n<p>Unsere Guides verstehen die Bed\u00fcrfnisse ihrer Kunden, sie geben sich die M\u00fche, jede Stadtbesichtigung gro\u00dfz\u00fcgig zu gestalten, damit sie zu einer eigenartigen und unverge\u00dflichen Erfahrung wird.<\/p>\r\n<p>Das Projekt ist jenen Reisenden gewidmet, die Verona tief kennenlernen wollen, die eine hochrangige Erfahrung sammeln wollen und das wahre Wesen eines Ortes begreifen wollen, sei es in der Stadt oder in der Umgebung.<\/p>\r\n<p>Ausserdem ist der Grundgedanke der Unabh\u00e4ngigkeit f\u00fcr uns wesentlich: unsere Guides haben keine Vereinbarungen mit Lokalen oder Gesch\u00e4ften, unsere Toure werden nicht wegen kommerziellen Zwecken umgeleitet.<\/p>\r\n<p>Man darf nicht vergessen, da\u00df die Best Verona Guides von zust\u00e4ndigen Orstbeh\u00f6rden ausgepr\u00fcft worden sind, sie sind auf Verona und Provinz spezialisiert, im Unterschied zu den vielen Guides, die aus anderen Regionen oder aus dem Ausland kommen.<\/p>\r\n<p>Die Ausbildung, die Pr\u00fcfungen und die Fortbildung konzentrieren sich auf unser Gebiet, deswegen sind wir echte Verona-Experten.<\/p>\r\n<p>Schlie\u00dflich hat unsere Gruppe seit Anfang entschlossen, mit Best Guides aus anderen St\u00e4dten wie Venedig zu vernetzen, mit der Absicht, eine zuverl\u00e4ssige und renommierte Marke zu etablieren, die unsere Guides im Laufe der Zeit professionell und ernsthaft entwickeln und unterst\u00fctzen werden.<\/p>\t\t\t\t\t\t\t\t<\/div>\n\t\t\t\t<\/div>\n\t\t\t\t<div class=\"elementor-element elementor-element-8fc7e09 elementor-widget elementor-widget-heading\" data-id=\"8fc7e09\" data-element_type=\"widget\" data-widget_type=\"heading.default\">\n\t\t\t\t<div class=\"elementor-widget-container\">\n\t\t\t\t\t<h2 class=\"elementor-heading-title elementor-size-default\">Unser Ziel<\/h2>\t\t\t\t<\/div>\n\t\t\t\t<\/div>\n\t\t\t\t<div class=\"elementor-element elementor-element-c9af96e elementor-widget elementor-widget-text-editor\" data-id=\"c9af96e\" data-element_type=\"widget\" data-widget_type=\"text-editor.default\">\n\t\t\t\t<div class=\"elementor-widget-container\">\n\t\t\t\t\t\t\t\t\t<p>Das Ziel von Best Verona Guides ist Ihnen die wundersch\u00f6nen und vielfaltigen Sehensw\u00fcrdigkeiten unserer Stadt, dank den zertifizierten und h\u00f6chstprofessionellen Fremdenf\u00fchrer(innen) des Vereins, anzubieten.<\/p>\n<p>Standardtouren findet man \u00fcberall, wir m\u00f6chten Ihnen eine pers\u00f6nlichere Stadtbesichtigung vorschlagen, denn wir lieben Verona und haben langj\u00e4hrige Erfahrung.<\/p>\n<p>Jeder*e von uns hat eigene Leidenschaften, Eigenheiten, Lieblingsecken und beliebte Themen im Bereich Geschichte, Kunst, Kultur, Museen und Kirchen, Essen und Trinken, in Verona wie auch im Umland.<\/p>\n<p>Wir versuchen, soweit wie m\u00f6glich, die richtige Guide f\u00fcr Sie zu finden, wollen keine standardisierten Touren anbieten und hoffen, da\u00df Sie sich &#8211; genau wie wir &#8211; in unserer Stadt verlieben werden. In Verona sind wir auch Besucher*innen, wir spazieren jeden Tag durch die Gassen, beobachten das Leben der Veroneser, die \u00c4nderungen, die Neuheiten.<\/p>\n<p>Wir h\u00f6ren auf Sie und bem\u00fchen uns, die Erwartungen unserer G\u00e4ste aus aller Welt (sei es individuelle Besucher, neugierige Reisende, wie auch Schulklassen und Seniorengruppen) zu befriedigen.<\/p>\n<p>Wir bem\u00fchen uns, die h\u00f6chste Qualit\u00e4t anzubieten, damit Sie, von der Sch\u00f6nheit unserer Stadt fasziniert, Ihre Erfahrung in Verona lange erinnern und uns wieder besuchen werden.<\/p>\n\t\t\t\t\t\t\t\t<\/div>\n\t\t\t\t<\/div>\n\t\t\t\t\t<\/div>\n\t\t<\/div>\n\t\t\t\t\t<\/div>\n\t\t<\/section>\n\t\t\t\t<section class=\"elementor-section elementor-top-section elementor-element elementor-element-2fa0ea3 elementor-section-boxed elementor-section-height-default elementor-section-height-default\" data-id=\"2fa0ea3\" data-element_type=\"section\">\n\t\t\t\t\t\t<div class=\"elementor-container elementor-column-gap-default\">\n\t\t\t\t\t<div class=\"elementor-column elementor-col-100 elementor-top-column elementor-element elementor-element-64283e9\" data-id=\"64283e9\" data-element_type=\"column\">\n\t\t\t<div class=\"elementor-widget-wrap\">\n\t\t\t\t\t\t\t<\/div>\n\t\t<\/div>\n\t\t\t\t\t<\/div>\n\t\t<\/section>\n\t\t\t\t<\/div>\n\t\t","protected":false},"excerpt":{"rendered":"<p>Die besten Profis in Verona, damit Ihr Besuch ein Erlebnis sein wird Wir stellen uns vor Best Verona Guides ist eine registrierte Marke und ist entstanden, weil eine Gruppe von unabh\u00e4ngigen, ausgebildeten und professionellen Fremdenf\u00fchrer*innen entschlossen hat, zusammenzubringen. Unsere Guides sind ausgebildet und aktualisieren laufend Ihre eigene Kenntnisse, um ihren Kunden auf Besuch in Verona [&hellip;]<\/p>\n","protected":false},"author":7,"featured_media":0,"parent":0,"menu_order":0,"comment_status":"closed","ping_status":"closed","template":"","meta":{"footnotes":""},"class_list":["post-2493","page","type-page","status-publish","hentry"],"yoast_head":"<!-- This site is optimized with the Yoast SEO plugin v24.7 - https:\/\/yoast.com\/wordpress\/plugins\/seo\/ -->\n<title>Wir Stellen Uns Vor - Best Verona Guides<\/title>\n<meta name=\"robots\" content=\"index, follow, max-snippet:-1, max-image-preview:large, max-video-preview:-1\" \/>\n<link rel=\"canonical\" href=\"https:\/\/bestveronaguides.it\/de\/wir-stellen-uns-vor\/\" \/>\n<meta property=\"og:locale\" content=\"de_DE\" \/>\n<meta property=\"og:type\" content=\"article\" \/>\n<meta property=\"og:title\" content=\"Wir Stellen Uns Vor - Best Verona Guides\" \/>\n<meta property=\"og:description\" content=\"Die besten Profis in Verona, damit Ihr Besuch ein Erlebnis sein wird Wir stellen uns vor Best Verona Guides ist eine registrierte Marke und ist entstanden, weil eine Gruppe von unabh\u00e4ngigen, ausgebildeten und professionellen Fremdenf\u00fchrer*innen entschlossen hat, zusammenzubringen. Unsere Guides sind ausgebildet und aktualisieren laufend Ihre eigene Kenntnisse, um ihren Kunden auf Besuch in Verona [&hellip;]\" \/>\n<meta property=\"og:url\" content=\"https:\/\/bestveronaguides.it\/de\/wir-stellen-uns-vor\/\" \/>\n<meta property=\"og:site_name\" content=\"Best Verona Guides\" \/>\n<meta property=\"og:image\" content=\"https:\/\/bestveronaguides.it\/media\/chi-siamo-best-verona-guides.jpg\" \/>\n<meta name=\"twitter:card\" content=\"summary_large_image\" \/>\n<meta name=\"twitter:label1\" content=\"Gesch\u00e4tzte Lesezeit\" \/>\n\t<meta name=\"twitter:data1\" content=\"3\u00a0Minuten\" \/>\n<script type=\"application\/ld+json\" class=\"yoast-schema-graph\">{\"@context\":\"https:\/\/schema.org\",\"@graph\":[{\"@type\":\"WebPage\",\"@id\":\"https:\/\/bestveronaguides.it\/de\/wir-stellen-uns-vor\/\",\"url\":\"https:\/\/bestveronaguides.it\/de\/wir-stellen-uns-vor\/\",\"name\":\"Wir Stellen Uns Vor - Best Verona Guides\",\"isPartOf\":{\"@id\":\"https:\/\/bestveronaguides.it\/de\/#website\"},\"primaryImageOfPage\":{\"@id\":\"https:\/\/bestveronaguides.it\/de\/wir-stellen-uns-vor\/#primaryimage\"},\"image\":{\"@id\":\"https:\/\/bestveronaguides.it\/de\/wir-stellen-uns-vor\/#primaryimage\"},\"thumbnailUrl\":\"https:\/\/bestveronaguides.it\/media\/chi-siamo-best-verona-guides.jpg\",\"datePublished\":\"2024-03-04T10:28:09+00:00\",\"breadcrumb\":{\"@id\":\"https:\/\/bestveronaguides.it\/de\/wir-stellen-uns-vor\/#breadcrumb\"},\"inLanguage\":\"de\",\"potentialAction\":[{\"@type\":\"ReadAction\",\"target\":[\"https:\/\/bestveronaguides.it\/de\/wir-stellen-uns-vor\/\"]}]},{\"@type\":\"ImageObject\",\"inLanguage\":\"de\",\"@id\":\"https:\/\/bestveronaguides.it\/de\/wir-stellen-uns-vor\/#primaryimage\",\"url\":\"https:\/\/bestveronaguides.it\/media\/chi-siamo-best-verona-guides.jpg\",\"contentUrl\":\"https:\/\/bestveronaguides.it\/media\/chi-siamo-best-verona-guides.jpg\"},{\"@type\":\"BreadcrumbList\",\"@id\":\"https:\/\/bestveronaguides.it\/de\/wir-stellen-uns-vor\/#breadcrumb\",\"itemListElement\":[{\"@type\":\"ListItem\",\"position\":1,\"name\":\"Home\",\"item\":\"https:\/\/bestveronaguides.it\/de\/\"},{\"@type\":\"ListItem\",\"position\":2,\"name\":\"Wir Stellen Uns Vor\"}]},{\"@type\":\"WebSite\",\"@id\":\"https:\/\/bestveronaguides.it\/de\/#website\",\"url\":\"https:\/\/bestveronaguides.it\/de\/\",\"name\":\"Best Verona Guides\",\"description\":\"La tua guida in un attimo\",\"publisher\":{\"@id\":\"https:\/\/bestveronaguides.it\/de\/#organization\"},\"potentialAction\":[{\"@type\":\"SearchAction\",\"target\":{\"@type\":\"EntryPoint\",\"urlTemplate\":\"https:\/\/bestveronaguides.it\/de\/?s={search_term_string}\"},\"query-input\":{\"@type\":\"PropertyValueSpecification\",\"valueRequired\":true,\"valueName\":\"search_term_string\"}}],\"inLanguage\":\"de\"},{\"@type\":\"Organization\",\"@id\":\"https:\/\/bestveronaguides.it\/de\/#organization\",\"name\":\"Associazione Assoguide Verona\",\"url\":\"https:\/\/bestveronaguides.it\/de\/\",\"logo\":{\"@type\":\"ImageObject\",\"inLanguage\":\"de\",\"@id\":\"https:\/\/bestveronaguides.it\/de\/#\/schema\/logo\/image\/\",\"url\":\"https:\/\/bestveronaguides.it\/media\/logo.png\",\"contentUrl\":\"https:\/\/bestveronaguides.it\/media\/logo.png\",\"width\":444,\"height\":237,\"caption\":\"Associazione Assoguide Verona\"},\"image\":{\"@id\":\"https:\/\/bestveronaguides.it\/de\/#\/schema\/logo\/image\/\"}}]}<\/script>\n<!-- \/ Yoast SEO plugin. -->","yoast_head_json":{"title":"Wir Stellen Uns Vor - Best Verona Guides","robots":{"index":"index","follow":"follow","max-snippet":"max-snippet:-1","max-image-preview":"max-image-preview:large","max-video-preview":"max-video-preview:-1"},"canonical":"https:\/\/bestveronaguides.it\/de\/wir-stellen-uns-vor\/","og_locale":"de_DE","og_type":"article","og_title":"Wir Stellen Uns Vor - Best Verona Guides","og_description":"Die besten Profis in Verona, damit Ihr Besuch ein Erlebnis sein wird Wir stellen uns vor Best Verona Guides ist eine registrierte Marke und ist entstanden, weil eine Gruppe von unabh\u00e4ngigen, ausgebildeten und professionellen Fremdenf\u00fchrer*innen entschlossen hat, zusammenzubringen. Unsere Guides sind ausgebildet und aktualisieren laufend Ihre eigene Kenntnisse, um ihren Kunden auf Besuch in Verona [&hellip;]","og_url":"https:\/\/bestveronaguides.it\/de\/wir-stellen-uns-vor\/","og_site_name":"Best Verona Guides","og_image":[{"url":"https:\/\/bestveronaguides.it\/media\/chi-siamo-best-verona-guides.jpg","type":"","width":"","height":""}],"twitter_card":"summary_large_image","twitter_misc":{"Gesch\u00e4tzte Lesezeit":"3\u00a0Minuten"},"schema":{"@context":"https:\/\/schema.org","@graph":[{"@type":"WebPage","@id":"https:\/\/bestveronaguides.it\/de\/wir-stellen-uns-vor\/","url":"https:\/\/bestveronaguides.it\/de\/wir-stellen-uns-vor\/","name":"Wir Stellen Uns Vor - Best Verona Guides","isPartOf":{"@id":"https:\/\/bestveronaguides.it\/de\/#website"},"primaryImageOfPage":{"@id":"https:\/\/bestveronaguides.it\/de\/wir-stellen-uns-vor\/#primaryimage"},"image":{"@id":"https:\/\/bestveronaguides.it\/de\/wir-stellen-uns-vor\/#primaryimage"},"thumbnailUrl":"https:\/\/bestveronaguides.it\/media\/chi-siamo-best-verona-guides.jpg","datePublished":"2024-03-04T10:28:09+00:00","breadcrumb":{"@id":"https:\/\/bestveronaguides.it\/de\/wir-stellen-uns-vor\/#breadcrumb"},"inLanguage":"de","potentialAction":[{"@type":"ReadAction","target":["https:\/\/bestveronaguides.it\/de\/wir-stellen-uns-vor\/"]}]},{"@type":"ImageObject","inLanguage":"de","@id":"https:\/\/bestveronaguides.it\/de\/wir-stellen-uns-vor\/#primaryimage","url":"https:\/\/bestveronaguides.it\/media\/chi-siamo-best-verona-guides.jpg","contentUrl":"https:\/\/bestveronaguides.it\/media\/chi-siamo-best-verona-guides.jpg"},{"@type":"BreadcrumbList","@id":"https:\/\/bestveronaguides.it\/de\/wir-stellen-uns-vor\/#breadcrumb","itemListElement":[{"@type":"ListItem","position":1,"name":"Home","item":"https:\/\/bestveronaguides.it\/de\/"},{"@type":"ListItem","position":2,"name":"Wir Stellen Uns Vor"}]},{"@type":"WebSite","@id":"https:\/\/bestveronaguides.it\/de\/#website","url":"https:\/\/bestveronaguides.it\/de\/","name":"Best Verona Guides","description":"La tua guida in un attimo","publisher":{"@id":"https:\/\/bestveronaguides.it\/de\/#organization"},"potentialAction":[{"@type":"SearchAction","target":{"@type":"EntryPoint","urlTemplate":"https:\/\/bestveronaguides.it\/de\/?s={search_term_string}"},"query-input":{"@type":"PropertyValueSpecification","valueRequired":true,"valueName":"search_term_string"}}],"inLanguage":"de"},{"@type":"Organization","@id":"https:\/\/bestveronaguides.it\/de\/#organization","name":"Associazione Assoguide Verona","url":"https:\/\/bestveronaguides.it\/de\/","logo":{"@type":"ImageObject","inLanguage":"de","@id":"https:\/\/bestveronaguides.it\/de\/#\/schema\/logo\/image\/","url":"https:\/\/bestveronaguides.it\/media\/logo.png","contentUrl":"https:\/\/bestveronaguides.it\/media\/logo.png","width":444,"height":237,"caption":"Associazione Assoguide Verona"},"image":{"@id":"https:\/\/bestveronaguides.it\/de\/#\/schema\/logo\/image\/"}}]}},"_links":{"self":[{"href":"https:\/\/bestveronaguides.it\/de\/wp-json\/wp\/v2\/pages\/2493","targetHints":{"allow":["GET"]}}],"collection":[{"href":"https:\/\/bestveronaguides.it\/de\/wp-json\/wp\/v2\/pages"}],"about":[{"href":"https:\/\/bestveronaguides.it\/de\/wp-json\/wp\/v2\/types\/page"}],"author":[{"embeddable":true,"href":"https:\/\/bestveronaguides.it\/de\/wp-json\/wp\/v2\/users\/7"}],"replies":[{"embeddable":true,"href":"https:\/\/bestveronaguides.it\/de\/wp-json\/wp\/v2\/comments?post=2493"}],"version-history":[{"count":0,"href":"https:\/\/bestveronaguides.it\/de\/wp-json\/wp\/v2\/pages\/2493\/revisions"}],"wp:attachment":[{"href":"https:\/\/bestveronaguides.it\/de\/wp-json\/wp\/v2\/media?parent=2493"}],"curies":[{"name":"wp","href":"https:\/\/api.w.org\/{rel}","templated":true}]}}