{"id":2492,"date":"2024-03-04T11:24:36","date_gmt":"2024-03-04T10:24:36","guid":{"rendered":"https:\/\/bestveronaguides.it\/home\/"},"modified":"2026-05-11T15:14:02","modified_gmt":"2026-05-11T13:14:02","slug":"home","status":"publish","type":"page","link":"https:\/\/bestveronaguides.it\/de\/","title":{"rendered":"Home"},"content":{"rendered":"\t\t<div data-elementor-type=\"wp-page\" data-elementor-id=\"2492\" class=\"elementor elementor-2492 elementor-70\" data-elementor-post-type=\"page\">\n\t\t\t\t\t\t<section class=\"elementor-section elementor-top-section elementor-element elementor-element-c74a9c7 elementor-section-full_width elementor-section-height-min-height elementor-hidden-mobile elementor-section-height-default elementor-section-items-middle\" data-id=\"c74a9c7\" data-element_type=\"section\" data-e-type=\"section\">\n\t\t\t\t\t\t<div class=\"elementor-container elementor-column-gap-default\">\n\t\t\t\t\t<div class=\"elementor-column elementor-col-100 elementor-top-column elementor-element elementor-element-0ca320a\" data-id=\"0ca320a\" data-element_type=\"column\" data-e-type=\"column\">\n\t\t\t<div class=\"elementor-widget-wrap\">\n\t\t\t\t\t\t\t<\/div>\n\t\t<\/div>\n\t\t\t\t\t<\/div>\n\t\t<\/section>\n\t\t\t\t<section class=\"elementor-section elementor-top-section elementor-element elementor-element-30ef485 elementor-section-boxed elementor-section-height-default elementor-section-height-default\" data-id=\"30ef485\" data-element_type=\"section\" data-e-type=\"section\">\n\t\t\t\t\t\t<div class=\"elementor-container elementor-column-gap-default\">\n\t\t\t\t\t<div class=\"elementor-column elementor-col-100 elementor-top-column elementor-element elementor-element-69c9f31\" data-id=\"69c9f31\" data-element_type=\"column\" data-e-type=\"column\">\n\t\t\t<div class=\"elementor-widget-wrap elementor-element-populated\">\n\t\t\t\t\t\t<div class=\"elementor-element elementor-element-b691f82 elementor-widget elementor-widget-heading\" data-id=\"b691f82\" data-element_type=\"widget\" data-e-type=\"widget\" data-widget_type=\"heading.default\">\n\t\t\t\t<div class=\"elementor-widget-container\">\n\t\t\t\t\t<h2 class=\"elementor-heading-title elementor-size-default\">Willkommen auf dem Portal von Assoguide Verona<\/h2>\t\t\t\t<\/div>\n\t\t\t\t<\/div>\n\t\t\t\t<div class=\"elementor-element elementor-element-7c71de2 elementor-widget elementor-widget-heading\" data-id=\"7c71de2\" data-element_type=\"widget\" data-e-type=\"widget\" data-widget_type=\"heading.default\">\n\t\t\t\t<div class=\"elementor-widget-container\">\n\t\t\t\t\t<h3 class=\"elementor-heading-title elementor-size-default\">dem Verband der staatlich gepr\u00fcften Fremdenf\u00fchrer von Verona und Umgebung<\/h3>\t\t\t\t<\/div>\n\t\t\t\t<\/div>\n\t\t\t\t<section class=\"elementor-section elementor-inner-section elementor-element elementor-element-d8f8b4e elementor-section-boxed elementor-section-height-default elementor-section-height-default\" data-id=\"d8f8b4e\" data-element_type=\"section\" data-e-type=\"section\">\n\t\t\t\t\t\t<div class=\"elementor-container elementor-column-gap-default\">\n\t\t\t\t\t<div class=\"elementor-column elementor-col-25 elementor-inner-column elementor-element elementor-element-048a9d4\" data-id=\"048a9d4\" data-element_type=\"column\" data-e-type=\"column\">\n\t\t\t<div class=\"elementor-widget-wrap elementor-element-populated\">\n\t\t\t\t\t\t<div class=\"elementor-element elementor-element-ea811c7 elementor-position-top elementor-widget elementor-widget-image-box\" data-id=\"ea811c7\" data-element_type=\"widget\" data-e-type=\"widget\" data-widget_type=\"image-box.default\">\n\t\t\t\t<div class=\"elementor-widget-container\">\n\t\t\t\t\t<div class=\"elementor-image-box-wrapper\"><figure class=\"elementor-image-box-img\"><img decoding=\"async\" width=\"62\" height=\"62\" src=\"https:\/\/bestveronaguides.it\/media\/check.png\" class=\"elementor-animation-shrink attachment-full size-full wp-image-80\" alt=\"\" \/><\/figure><div class=\"elementor-image-box-content\"><h3 class=\"elementor-image-box-title\">einheimisch<\/h3><\/div><\/div>\t\t\t\t<\/div>\n\t\t\t\t<\/div>\n\t\t\t\t\t<\/div>\n\t\t<\/div>\n\t\t\t\t<div class=\"elementor-column elementor-col-25 elementor-inner-column elementor-element elementor-element-5d15df5\" data-id=\"5d15df5\" data-element_type=\"column\" data-e-type=\"column\">\n\t\t\t<div class=\"elementor-widget-wrap elementor-element-populated\">\n\t\t\t\t\t\t<div class=\"elementor-element elementor-element-1e1c199 elementor-position-top elementor-widget elementor-widget-image-box\" data-id=\"1e1c199\" data-element_type=\"widget\" data-e-type=\"widget\" data-widget_type=\"image-box.default\">\n\t\t\t\t<div class=\"elementor-widget-container\">\n\t\t\t\t\t<div class=\"elementor-image-box-wrapper\"><figure class=\"elementor-image-box-img\"><img decoding=\"async\" width=\"62\" height=\"62\" src=\"https:\/\/bestveronaguides.it\/media\/check.png\" class=\"elementor-animation-shrink attachment-full size-full wp-image-80\" alt=\"\" \/><\/figure><div class=\"elementor-image-box-content\"><h3 class=\"elementor-image-box-title\">profis<\/h3><\/div><\/div>\t\t\t\t<\/div>\n\t\t\t\t<\/div>\n\t\t\t\t\t<\/div>\n\t\t<\/div>\n\t\t\t\t<div class=\"elementor-column elementor-col-25 elementor-inner-column elementor-element elementor-element-9f248b3\" data-id=\"9f248b3\" data-element_type=\"column\" data-e-type=\"column\">\n\t\t\t<div class=\"elementor-widget-wrap elementor-element-populated\">\n\t\t\t\t\t\t<div class=\"elementor-element elementor-element-8002817 elementor-position-top elementor-widget elementor-widget-image-box\" data-id=\"8002817\" data-element_type=\"widget\" data-e-type=\"widget\" data-widget_type=\"image-box.default\">\n\t\t\t\t<div class=\"elementor-widget-container\">\n\t\t\t\t\t<div class=\"elementor-image-box-wrapper\"><figure class=\"elementor-image-box-img\"><img decoding=\"async\" width=\"62\" height=\"62\" src=\"https:\/\/bestveronaguides.it\/media\/check.png\" class=\"elementor-animation-shrink attachment-full size-full wp-image-80\" alt=\"\" \/><\/figure><div class=\"elementor-image-box-content\"><h3 class=\"elementor-image-box-title\">ausgebildet<\/h3><\/div><\/div>\t\t\t\t<\/div>\n\t\t\t\t<\/div>\n\t\t\t\t\t<\/div>\n\t\t<\/div>\n\t\t\t\t<div class=\"elementor-column elementor-col-25 elementor-inner-column elementor-element elementor-element-a314c61\" data-id=\"a314c61\" data-element_type=\"column\" data-e-type=\"column\">\n\t\t\t<div class=\"elementor-widget-wrap elementor-element-populated\">\n\t\t\t\t\t\t<div class=\"elementor-element elementor-element-e0dc284 elementor-position-top elementor-widget elementor-widget-image-box\" data-id=\"e0dc284\" data-element_type=\"widget\" data-e-type=\"widget\" data-widget_type=\"image-box.default\">\n\t\t\t\t<div class=\"elementor-widget-container\">\n\t\t\t\t\t<div class=\"elementor-image-box-wrapper\"><figure class=\"elementor-image-box-img\"><img decoding=\"async\" width=\"62\" height=\"62\" src=\"https:\/\/bestveronaguides.it\/media\/check.png\" class=\"elementor-animation-shrink attachment-full size-full wp-image-80\" alt=\"\" \/><\/figure><div class=\"elementor-image-box-content\"><h3 class=\"elementor-image-box-title\">unabh\u00e4ngig<\/h3><\/div><\/div>\t\t\t\t<\/div>\n\t\t\t\t<\/div>\n\t\t\t\t\t<\/div>\n\t\t<\/div>\n\t\t\t\t\t<\/div>\n\t\t<\/section>\n\t\t\t\t\t<\/div>\n\t\t<\/div>\n\t\t\t\t\t<\/div>\n\t\t<\/section>\n\t\t\t\t<section class=\"elementor-section elementor-top-section elementor-element elementor-element-633611e elementor-section-boxed elementor-section-height-default elementor-section-height-default\" data-id=\"633611e\" data-element_type=\"section\" data-e-type=\"section\">\n\t\t\t\t\t\t<div class=\"elementor-container elementor-column-gap-default\">\n\t\t\t\t\t<div class=\"elementor-column elementor-col-100 elementor-top-column elementor-element elementor-element-2d8a92d\" data-id=\"2d8a92d\" data-element_type=\"column\" data-e-type=\"column\">\n\t\t\t<div class=\"elementor-widget-wrap elementor-element-populated\">\n\t\t\t\t\t\t<div class=\"elementor-element elementor-element-b9ce482 elementor-widget elementor-widget-image\" data-id=\"b9ce482\" data-element_type=\"widget\" data-e-type=\"widget\" data-widget_type=\"image.default\">\n\t\t\t\t<div class=\"elementor-widget-container\">\n\t\t\t\t\t\t\t\t\t\t\t\t\t\t\t<img fetchpriority=\"high\" decoding=\"async\" width=\"1140\" height=\"774\" src=\"https:\/\/bestveronaguides.it\/media\/best-verona-guides-tutte-le-nuove-guide-2.jpg\" class=\"attachment-full size-full wp-image-2946\" alt=\"best verona guides tutte le nuove guide\" srcset=\"https:\/\/bestveronaguides.it\/media\/best-verona-guides-tutte-le-nuove-guide-2.jpg 1140w, https:\/\/bestveronaguides.it\/media\/best-verona-guides-tutte-le-nuove-guide-2-500x339.jpg 500w, https:\/\/bestveronaguides.it\/media\/best-verona-guides-tutte-le-nuove-guide-2-1024x695.jpg 1024w, https:\/\/bestveronaguides.it\/media\/best-verona-guides-tutte-le-nuove-guide-2-768x521.jpg 768w\" sizes=\"(max-width: 1140px) 100vw, 1140px\" \/>\t\t\t\t\t\t\t\t\t\t\t\t\t\t\t<\/div>\n\t\t\t\t<\/div>\n\t\t\t\t\t<\/div>\n\t\t<\/div>\n\t\t\t\t\t<\/div>\n\t\t<\/section>\n\t\t\t\t<section class=\"elementor-section elementor-top-section elementor-element elementor-element-cdc54fc elementor-section-content-middle elementor-section-boxed elementor-section-height-default elementor-section-height-default\" data-id=\"cdc54fc\" data-element_type=\"section\" data-e-type=\"section\">\n\t\t\t\t\t\t<div class=\"elementor-container elementor-column-gap-default\">\n\t\t\t\t\t<div class=\"elementor-column elementor-col-50 elementor-top-column elementor-element elementor-element-41c6c39\" data-id=\"41c6c39\" data-element_type=\"column\" data-e-type=\"column\" data-settings=\"{&quot;background_background&quot;:&quot;classic&quot;}\">\n\t\t\t<div class=\"elementor-widget-wrap elementor-element-populated\">\n\t\t\t\t\t\t<div class=\"elementor-element elementor-element-40a3277 elementor-widget elementor-widget-heading\" data-id=\"40a3277\" data-element_type=\"widget\" data-e-type=\"widget\" data-widget_type=\"heading.default\">\n\t\t\t\t<div class=\"elementor-widget-container\">\n\t\t\t\t\t<span class=\"elementor-heading-title elementor-size-default\"><a href=\"https:\/\/bestveronaguides.it\/de\/verona-zum-ersten-mal\/\">Buchen Sie Ihren Besuch <\/a><\/span>\t\t\t\t<\/div>\n\t\t\t\t<\/div>\n\t\t\t\t<section class=\"elementor-section elementor-inner-section elementor-element elementor-element-83c1a6f elementor-section-boxed elementor-section-height-default elementor-section-height-default\" data-id=\"83c1a6f\" data-element_type=\"section\" data-e-type=\"section\" data-settings=\"{&quot;background_background&quot;:&quot;classic&quot;}\">\n\t\t\t\t\t\t<div class=\"elementor-container elementor-column-gap-default\">\n\t\t\t\t\t<div class=\"elementor-column elementor-col-100 elementor-inner-column elementor-element elementor-element-d3f6ff1\" data-id=\"d3f6ff1\" data-element_type=\"column\" data-e-type=\"column\">\n\t\t\t<div class=\"elementor-widget-wrap elementor-element-populated\">\n\t\t\t\t\t\t<div class=\"elementor-element elementor-element-0e99581 elementor-widget__width-auto elementor-widget elementor-widget-image\" data-id=\"0e99581\" data-element_type=\"widget\" data-e-type=\"widget\" data-widget_type=\"image.default\">\n\t\t\t\t<div class=\"elementor-widget-container\">\n\t\t\t\t\t\t\t\t\t\t\t\t\t\t\t\t<a href=\"https:\/\/bestveronaguides.it\/de\/verona-zum-ersten-mal\/\">\n\t\t\t\t\t\t\t<img decoding=\"async\" width=\"237\" height=\"237\" src=\"https:\/\/bestveronaguides.it\/media\/icona-telefono.png\" class=\"attachment-full size-full wp-image-2960\" alt=\"\" srcset=\"https:\/\/bestveronaguides.it\/media\/icona-telefono.png 237w, https:\/\/bestveronaguides.it\/media\/icona-telefono-150x150.png 150w\" sizes=\"(max-width: 237px) 100vw, 237px\" \/>\t\t\t\t\t\t\t\t<\/a>\n\t\t\t\t\t\t\t\t\t\t\t\t\t\t\t<\/div>\n\t\t\t\t<\/div>\n\t\t\t\t<div class=\"elementor-element elementor-element-8ef975d elementor-widget__width-auto elementor-widget elementor-widget-image\" data-id=\"8ef975d\" data-element_type=\"widget\" data-e-type=\"widget\" data-widget_type=\"image.default\">\n\t\t\t\t<div class=\"elementor-widget-container\">\n\t\t\t\t\t\t\t\t\t\t\t\t\t\t\t\t<a href=\"https:\/\/bestveronaguides.it\/de\/verona-zum-ersten-mal\/\">\n\t\t\t\t\t\t\t<img loading=\"lazy\" decoding=\"async\" width=\"237\" height=\"237\" src=\"https:\/\/bestveronaguides.it\/media\/icona-email-best-verona-guides.png\" class=\"attachment-full size-full wp-image-2966\" alt=\"icona-email\" srcset=\"https:\/\/bestveronaguides.it\/media\/icona-email-best-verona-guides.png 237w, https:\/\/bestveronaguides.it\/media\/icona-email-best-verona-guides-150x150.png 150w\" sizes=\"(max-width: 237px) 100vw, 237px\" \/>\t\t\t\t\t\t\t\t<\/a>\n\t\t\t\t\t\t\t\t\t\t\t\t\t\t\t<\/div>\n\t\t\t\t<\/div>\n\t\t\t\t\t<\/div>\n\t\t<\/div>\n\t\t\t\t\t<\/div>\n\t\t<\/section>\n\t\t\t\t<div class=\"elementor-element elementor-element-28dc210 elementor-widget elementor-widget-heading\" data-id=\"28dc210\" data-element_type=\"widget\" data-e-type=\"widget\" data-widget_type=\"heading.default\">\n\t\t\t\t<div class=\"elementor-widget-container\">\n\t\t\t\t\t<span class=\"elementor-heading-title elementor-size-default\"><a href=\"https:\/\/bestveronaguides.it\/de\/verona-zum-ersten-mal\/\">in Verona direkt<\/a><\/span>\t\t\t\t<\/div>\n\t\t\t\t<\/div>\n\t\t\t\t\t<\/div>\n\t\t<\/div>\n\t\t\t\t<div class=\"elementor-column elementor-col-50 elementor-top-column elementor-element elementor-element-5545e8a\" data-id=\"5545e8a\" data-element_type=\"column\" data-e-type=\"column\" data-settings=\"{&quot;background_background&quot;:&quot;classic&quot;}\">\n\t\t\t<div class=\"elementor-widget-wrap elementor-element-populated\">\n\t\t\t\t\t\t<div class=\"elementor-element elementor-element-6a261c4 elementor-widget elementor-widget-heading\" data-id=\"6a261c4\" data-element_type=\"widget\" data-e-type=\"widget\" data-widget_type=\"heading.default\">\n\t\t\t\t<div class=\"elementor-widget-container\">\n\t\t\t\t\t<span class=\"elementor-heading-title elementor-size-default\"><a href=\"https:\/\/bestveronaguides.it\/de\/alle-fuehrer\/\">Suchen Sie einen speziellen Reisef\u00fchrer<\/a><\/span>\t\t\t\t<\/div>\n\t\t\t\t<\/div>\n\t\t\t\t<section class=\"elementor-section elementor-inner-section elementor-element elementor-element-d2a9536 elementor-section-boxed elementor-section-height-default elementor-section-height-default\" data-id=\"d2a9536\" data-element_type=\"section\" data-e-type=\"section\" data-settings=\"{&quot;background_background&quot;:&quot;classic&quot;}\">\n\t\t\t\t\t\t<div class=\"elementor-container elementor-column-gap-default\">\n\t\t\t\t\t<div class=\"elementor-column elementor-col-100 elementor-inner-column elementor-element elementor-element-03c14fc\" data-id=\"03c14fc\" data-element_type=\"column\" data-e-type=\"column\">\n\t\t\t<div class=\"elementor-widget-wrap elementor-element-populated\">\n\t\t\t\t\t\t<div class=\"elementor-element elementor-element-4f8085c elementor-widget__width-auto elementor-widget elementor-widget-image\" data-id=\"4f8085c\" data-element_type=\"widget\" data-e-type=\"widget\" data-widget_type=\"image.default\">\n\t\t\t\t<div class=\"elementor-widget-container\">\n\t\t\t\t\t\t\t\t\t\t\t\t\t\t\t\t<a href=\"https:\/\/bestveronaguides.it\/de\/alle-fuehrer\/\">\n\t\t\t\t\t\t\t<img loading=\"lazy\" decoding=\"async\" width=\"237\" height=\"237\" src=\"https:\/\/bestveronaguides.it\/media\/icona-lente.png\" class=\"attachment-full size-full wp-image-2972\" alt=\"\" srcset=\"https:\/\/bestveronaguides.it\/media\/icona-lente.png 237w, https:\/\/bestveronaguides.it\/media\/icona-lente-150x150.png 150w\" sizes=\"(max-width: 237px) 100vw, 237px\" \/>\t\t\t\t\t\t\t\t<\/a>\n\t\t\t\t\t\t\t\t\t\t\t\t\t\t\t<\/div>\n\t\t\t\t<\/div>\n\t\t\t\t\t<\/div>\n\t\t<\/div>\n\t\t\t\t\t<\/div>\n\t\t<\/section>\n\t\t\t\t<div class=\"elementor-element elementor-element-d5421f9 elementor-widget elementor-widget-heading\" data-id=\"d5421f9\" data-element_type=\"widget\" data-e-type=\"widget\" data-widget_type=\"heading.default\">\n\t\t\t\t<div class=\"elementor-widget-container\">\n\t\t\t\t\t<span class=\"elementor-heading-title elementor-size-default\"><a href=\"https:\/\/bestveronaguides.it\/de\/alle-fuehrer\/\">f\u00fcr eine ma\u00dfgeschneiderte Reise<\/a><\/span>\t\t\t\t<\/div>\n\t\t\t\t<\/div>\n\t\t\t\t\t<\/div>\n\t\t<\/div>\n\t\t\t\t\t<\/div>\n\t\t<\/section>\n\t\t\t\t<\/div>\n\t\t","protected":false},"excerpt":{"rendered":"<p>Willkommen auf dem Portal von Assoguide Verona dem Verband der staatlich gepr\u00fcften Fremdenf\u00fchrer von Verona und Umgebung einheimisch profis ausgebildet unabh\u00e4ngig Buchen Sie Ihren Besuch in Verona direkt Suchen Sie einen speziellen Reisef\u00fchrer f\u00fcr eine ma\u00dfgeschneiderte Reise<\/p>\n","protected":false},"author":7,"featured_media":0,"parent":0,"menu_order":0,"comment_status":"closed","ping_status":"closed","template":"","meta":{"footnotes":""},"class_list":["post-2492","page","type-page","status-publish","hentry"],"yoast_head":"<!-- This site is optimized with the Yoast SEO plugin v27.5 - https:\/\/yoast.com\/product\/yoast-seo-wordpress\/ -->\n<title>Home - Best Verona Guides<\/title>\n<meta name=\"robots\" content=\"index, follow, max-snippet:-1, max-image-preview:large, max-video-preview:-1\" \/>\n<link rel=\"canonical\" href=\"https:\/\/bestveronaguides.it\/de\/\" \/>\n<meta property=\"og:locale\" content=\"de_DE\" \/>\n<meta property=\"og:type\" content=\"article\" \/>\n<meta property=\"og:title\" content=\"Home - Best Verona Guides\" \/>\n<meta property=\"og:description\" content=\"Willkommen auf dem Portal von Assoguide Verona dem Verband der staatlich gepr\u00fcften Fremdenf\u00fchrer von Verona und Umgebung einheimisch profis ausgebildet unabh\u00e4ngig Buchen Sie Ihren Besuch in Verona direkt Suchen Sie einen speziellen Reisef\u00fchrer f\u00fcr eine ma\u00dfgeschneiderte Reise\" \/>\n<meta property=\"og:url\" content=\"https:\/\/bestveronaguides.it\/de\/\" \/>\n<meta property=\"og:site_name\" content=\"Best Verona Guides\" \/>\n<meta property=\"article:modified_time\" content=\"2026-05-11T13:14:02+00:00\" \/>\n<meta property=\"og:image\" content=\"https:\/\/bestveronaguides.it\/media\/check.png\" \/>\n\t<meta property=\"og:image:width\" content=\"62\" \/>\n\t<meta property=\"og:image:height\" content=\"62\" \/>\n\t<meta property=\"og:image:type\" content=\"image\/png\" \/>\n<meta name=\"twitter:card\" content=\"summary_large_image\" \/>\n<meta name=\"twitter:label1\" content=\"Gesch\u00e4tzte Lesezeit\" \/>\n\t<meta name=\"twitter:data1\" content=\"2\u00a0Minuten\" \/>\n<script type=\"application\/ld+json\" class=\"yoast-schema-graph\">{\"@context\":\"https:\\\/\\\/schema.org\",\"@graph\":[{\"@type\":\"WebPage\",\"@id\":\"https:\\\/\\\/bestveronaguides.it\\\/de\\\/\",\"url\":\"https:\\\/\\\/bestveronaguides.it\\\/de\\\/\",\"name\":\"Home - Best Verona Guides\",\"isPartOf\":{\"@id\":\"https:\\\/\\\/bestveronaguides.it\\\/de\\\/#website\"},\"primaryImageOfPage\":{\"@id\":\"https:\\\/\\\/bestveronaguides.it\\\/de\\\/#primaryimage\"},\"image\":{\"@id\":\"https:\\\/\\\/bestveronaguides.it\\\/de\\\/#primaryimage\"},\"thumbnailUrl\":\"https:\\\/\\\/bestveronaguides.it\\\/media\\\/check.png\",\"datePublished\":\"2024-03-04T10:24:36+00:00\",\"dateModified\":\"2026-05-11T13:14:02+00:00\",\"breadcrumb\":{\"@id\":\"https:\\\/\\\/bestveronaguides.it\\\/de\\\/#breadcrumb\"},\"inLanguage\":\"de\",\"potentialAction\":[{\"@type\":\"ReadAction\",\"target\":[\"https:\\\/\\\/bestveronaguides.it\\\/de\\\/\"]}]},{\"@type\":\"ImageObject\",\"inLanguage\":\"de\",\"@id\":\"https:\\\/\\\/bestveronaguides.it\\\/de\\\/#primaryimage\",\"url\":\"https:\\\/\\\/bestveronaguides.it\\\/media\\\/check.png\",\"contentUrl\":\"https:\\\/\\\/bestveronaguides.it\\\/media\\\/check.png\"},{\"@type\":\"BreadcrumbList\",\"@id\":\"https:\\\/\\\/bestveronaguides.it\\\/de\\\/#breadcrumb\",\"itemListElement\":[{\"@type\":\"ListItem\",\"position\":1,\"name\":\"Home\",\"item\":\"https:\\\/\\\/bestveronaguides.it\\\/de\\\/\"},{\"@type\":\"ListItem\",\"position\":2,\"name\":\"Home\"}]},{\"@type\":\"WebSite\",\"@id\":\"https:\\\/\\\/bestveronaguides.it\\\/de\\\/#website\",\"url\":\"https:\\\/\\\/bestveronaguides.it\\\/de\\\/\",\"name\":\"Best Verona Guides\",\"description\":\"La tua guida in un attimo\",\"publisher\":{\"@id\":\"https:\\\/\\\/bestveronaguides.it\\\/de\\\/#organization\"},\"potentialAction\":[{\"@type\":\"SearchAction\",\"target\":{\"@type\":\"EntryPoint\",\"urlTemplate\":\"https:\\\/\\\/bestveronaguides.it\\\/de\\\/?s={search_term_string}\"},\"query-input\":{\"@type\":\"PropertyValueSpecification\",\"valueRequired\":true,\"valueName\":\"search_term_string\"}}],\"inLanguage\":\"de\"},{\"@type\":\"Organization\",\"@id\":\"https:\\\/\\\/bestveronaguides.it\\\/de\\\/#organization\",\"name\":\"Associazione Assoguide Verona\",\"url\":\"https:\\\/\\\/bestveronaguides.it\\\/de\\\/\",\"logo\":{\"@type\":\"ImageObject\",\"inLanguage\":\"de\",\"@id\":\"https:\\\/\\\/bestveronaguides.it\\\/de\\\/#\\\/schema\\\/logo\\\/image\\\/\",\"url\":\"https:\\\/\\\/bestveronaguides.it\\\/media\\\/logo.png\",\"contentUrl\":\"https:\\\/\\\/bestveronaguides.it\\\/media\\\/logo.png\",\"width\":444,\"height\":237,\"caption\":\"Associazione Assoguide Verona\"},\"image\":{\"@id\":\"https:\\\/\\\/bestveronaguides.it\\\/de\\\/#\\\/schema\\\/logo\\\/image\\\/\"}}]}<\/script>\n<!-- \/ Yoast SEO plugin. -->","yoast_head_json":{"title":"Home - Best Verona Guides","robots":{"index":"index","follow":"follow","max-snippet":"max-snippet:-1","max-image-preview":"max-image-preview:large","max-video-preview":"max-video-preview:-1"},"canonical":"https:\/\/bestveronaguides.it\/de\/","og_locale":"de_DE","og_type":"article","og_title":"Home - Best Verona Guides","og_description":"Willkommen auf dem Portal von Assoguide Verona dem Verband der staatlich gepr\u00fcften Fremdenf\u00fchrer von Verona und Umgebung einheimisch profis ausgebildet unabh\u00e4ngig Buchen Sie Ihren Besuch in Verona direkt Suchen Sie einen speziellen Reisef\u00fchrer f\u00fcr eine ma\u00dfgeschneiderte Reise","og_url":"https:\/\/bestveronaguides.it\/de\/","og_site_name":"Best Verona Guides","article_modified_time":"2026-05-11T13:14:02+00:00","og_image":[{"width":62,"height":62,"url":"https:\/\/bestveronaguides.it\/media\/check.png","type":"image\/png"}],"twitter_card":"summary_large_image","twitter_misc":{"Gesch\u00e4tzte Lesezeit":"2\u00a0Minuten"},"schema":{"@context":"https:\/\/schema.org","@graph":[{"@type":"WebPage","@id":"https:\/\/bestveronaguides.it\/de\/","url":"https:\/\/bestveronaguides.it\/de\/","name":"Home - Best Verona Guides","isPartOf":{"@id":"https:\/\/bestveronaguides.it\/de\/#website"},"primaryImageOfPage":{"@id":"https:\/\/bestveronaguides.it\/de\/#primaryimage"},"image":{"@id":"https:\/\/bestveronaguides.it\/de\/#primaryimage"},"thumbnailUrl":"https:\/\/bestveronaguides.it\/media\/check.png","datePublished":"2024-03-04T10:24:36+00:00","dateModified":"2026-05-11T13:14:02+00:00","breadcrumb":{"@id":"https:\/\/bestveronaguides.it\/de\/#breadcrumb"},"inLanguage":"de","potentialAction":[{"@type":"ReadAction","target":["https:\/\/bestveronaguides.it\/de\/"]}]},{"@type":"ImageObject","inLanguage":"de","@id":"https:\/\/bestveronaguides.it\/de\/#primaryimage","url":"https:\/\/bestveronaguides.it\/media\/check.png","contentUrl":"https:\/\/bestveronaguides.it\/media\/check.png"},{"@type":"BreadcrumbList","@id":"https:\/\/bestveronaguides.it\/de\/#breadcrumb","itemListElement":[{"@type":"ListItem","position":1,"name":"Home","item":"https:\/\/bestveronaguides.it\/de\/"},{"@type":"ListItem","position":2,"name":"Home"}]},{"@type":"WebSite","@id":"https:\/\/bestveronaguides.it\/de\/#website","url":"https:\/\/bestveronaguides.it\/de\/","name":"Best Verona Guides","description":"La tua guida in un attimo","publisher":{"@id":"https:\/\/bestveronaguides.it\/de\/#organization"},"potentialAction":[{"@type":"SearchAction","target":{"@type":"EntryPoint","urlTemplate":"https:\/\/bestveronaguides.it\/de\/?s={search_term_string}"},"query-input":{"@type":"PropertyValueSpecification","valueRequired":true,"valueName":"search_term_string"}}],"inLanguage":"de"},{"@type":"Organization","@id":"https:\/\/bestveronaguides.it\/de\/#organization","name":"Associazione Assoguide Verona","url":"https:\/\/bestveronaguides.it\/de\/","logo":{"@type":"ImageObject","inLanguage":"de","@id":"https:\/\/bestveronaguides.it\/de\/#\/schema\/logo\/image\/","url":"https:\/\/bestveronaguides.it\/media\/logo.png","contentUrl":"https:\/\/bestveronaguides.it\/media\/logo.png","width":444,"height":237,"caption":"Associazione Assoguide Verona"},"image":{"@id":"https:\/\/bestveronaguides.it\/de\/#\/schema\/logo\/image\/"}}]}},"_links":{"self":[{"href":"https:\/\/bestveronaguides.it\/de\/wp-json\/wp\/v2\/pages\/2492","targetHints":{"allow":["GET"]}}],"collection":[{"href":"https:\/\/bestveronaguides.it\/de\/wp-json\/wp\/v2\/pages"}],"about":[{"href":"https:\/\/bestveronaguides.it\/de\/wp-json\/wp\/v2\/types\/page"}],"author":[{"embeddable":true,"href":"https:\/\/bestveronaguides.it\/de\/wp-json\/wp\/v2\/users\/7"}],"replies":[{"embeddable":true,"href":"https:\/\/bestveronaguides.it\/de\/wp-json\/wp\/v2\/comments?post=2492"}],"version-history":[{"count":0,"href":"https:\/\/bestveronaguides.it\/de\/wp-json\/wp\/v2\/pages\/2492\/revisions"}],"wp:attachment":[{"href":"https:\/\/bestveronaguides.it\/de\/wp-json\/wp\/v2\/media?parent=2492"}],"curies":[{"name":"wp","href":"https:\/\/api.w.org\/{rel}","templated":true}]}}